{"id":150,"date":"2023-12-26T20:30:59","date_gmt":"2023-12-26T20:30:59","guid":{"rendered":"https:\/\/peswinservice.com\/?page_id=150"},"modified":"2025-04-23T12:34:20","modified_gmt":"2025-04-23T09:34:20","slug":"turvallisuus-hse","status":"publish","type":"page","link":"https:\/\/peswinservice.com\/sv\/turvallisuus-hse\/","title":{"rendered":"Turvallisuus (HSEQ)"},"content":{"rendered":"<div class=\"wpb-content-wrapper\"><p>[vc_row row_height_percent=&#8221;0&#8243; override_padding=&#8221;yes&#8221; h_padding=&#8221;2&#8243; top_padding=&#8221;4&#8243; bottom_padding=&#8221;2&#8243; back_color=&#8221;color-851879&#8243; parallax=&#8221;yes&#8221; overlay_color=&#8221;color-168588&#8243; overlay_alpha=&#8221;100&#8243; equal_height=&#8221;yes&#8221; gutter_size=&#8221;3&#8243; column_width_percent=&#8221;100&#8243; shift_y=&#8221;0&#8243; z_index=&#8221;0&#8243; top_divider=&#8221;gradient&#8221; bottom_divider=&#8221;gradient&#8221; content_parallax=&#8221;0&#8243; uncode_shortcode_id=&#8221;556706&#8243; back_color_type=&#8221;uncode-palette&#8221; overlay_color_type=&#8221;uncode-palette&#8221;][vc_column column_width_percent=&#8221;100&#8243; position_vertical=&#8221;bottom&#8221; gutter_size=&#8221;3&#8243; style=&#8221;dark&#8221; overlay_alpha=&#8221;50&#8243; shift_x=&#8221;0&#8243; shift_y=&#8221;0&#8243; shift_y_down=&#8221;0&#8243; z_index=&#8221;0&#8243; medium_width=&#8221;0&#8243; mobile_width=&#8221;0&#8243; width=&#8221;1\/1&#8243;][vc_row_inner row_inner_height_percent=&#8221;0&#8243; overlay_alpha=&#8221;50&#8243; gutter_size=&#8221;3&#8243; shift_y=&#8221;0&#8243;][vc_column_inner column_width_percent=&#8221;100&#8243; gutter_size=&#8221;2&#8243; style=&#8221;dark&#8221; overlay_alpha=&#8221;50&#8243; shift_x=&#8221;0&#8243; shift_y=&#8221;0&#8243; shift_y_down=&#8221;0&#8243; z_index=&#8221;0&#8243; medium_width=&#8221;0&#8243; mobile_width=&#8221;0&#8243; css_animation=&#8221;alpha-anim&#8221; animation_delay=&#8221;200&#8243; width=&#8221;9\/12&#8243; uncode_shortcode_id=&#8221;423715&#8243;][uncode_breadcrumbs][vc_custom_heading text_size=&#8221;h1&#8243; css_animation=&#8221;right-t-left&#8221; animation_delay=&#8221;400&#8243; uncode_shortcode_id=&#8221;638377&#8243;]Turvallisuudesta emme tingi![\/vc_custom_heading][\/vc_column_inner][vc_column_inner width=&#8221;3\/12&#8243;][\/vc_column_inner][\/vc_row_inner][\/vc_column][\/vc_row][vc_row row_height_percent=&#8221;0&#8243; override_padding=&#8221;yes&#8221; h_padding=&#8221;2&#8243; top_padding=&#8221;2&#8243; bottom_padding=&#8221;2&#8243; back_color=&#8221;color-851879&#8243; overlay_alpha=&#8221;50&#8243; gutter_size=&#8221;4&#8243; column_width_percent=&#8221;100&#8243; shift_y=&#8221;0&#8243; z_index=&#8221;0&#8243; row_custom_slug_check=&#8221;yes&#8221; el_class=&#8221;inverted-device-order&#8221; uncode_shortcode_id=&#8221;212368&#8243; back_color_type=&#8221;uncode-palette&#8221; row_name=&#8221;Asennusty\u00f6t&#8221; row_custom_slug=&#8221;asennustyot&#8221;][vc_column column_width_percent=&#8221;100&#8243; position_horizontal=&#8221;left&#8221; gutter_size=&#8221;3&#8243; style=&#8221;dark&#8221; overlay_alpha=&#8221;50&#8243; shift_x=&#8221;0&#8243; shift_y=&#8221;0&#8243; shift_y_down=&#8221;0&#8243; z_index=&#8221;0&#8243; medium_width=&#8221;4&#8243; mobile_width=&#8221;0&#8243; width=&#8221;1\/2&#8243; uncode_shortcode_id=&#8221;195172&#8243;][vc_column_text uncode_shortcode_id=&#8221;196869&#8243;]<\/p>\n<h3>TURVALLISUUSKULTTUURI<\/h3>\n<p>Ty\u00f6turvallisuus on asia, josta me emme tingi. Noudatamme omien turvallisuusvaatimustemme lis\u00e4ksi asiakkaamme yksil\u00f6llisi\u00e4 ohjeita ja m\u00e4\u00e4r\u00e4yksi\u00e4. Toimiessamme teollisuuden eri aloilla olemme oppineet turvallisuusk\u00e4yt\u00e4nn\u00f6t todella laajasti.<\/p>\n<p>T\u00e4lt\u00e4 pohjalta olemme luoneet oman j\u00e4rjestelm\u00e4n turvallisuushavaintojen ker\u00e4\u00e4miseen sek\u00e4 datan k\u00e4sittelyyn. T\u00e4m\u00e4 yhdess\u00e4 asiakkaamme turvak\u00e4yt\u00e4nt\u00f6jen kanssa on mahdollistanut nykyisen turvallisuuskulttuurin kehittymisen yritykseemme. Tapaturma m\u00e4\u00e4r\u00e4mme ovatkin eritt\u00e4in maltilliset ja koko toiminnassa olomme aikana on tapahtunut alle 10 tapaturmaa.<\/p>\n<p>Sin\u00e4 voit parantaa oman toimintasi turvallisuutta nimenomaan kunnossapidolla. Meille asiakkaan tilojen turvallisuus on erityisen t\u00e4rke\u00e4\u00e4 ja siksi havainnoimme siell\u00e4 turvallisuutta kunnossapidon kautta. Jos koemmekin, ett\u00e4 laitteiston turvallisuutta voisi parantaa kunnossapidon yhteydess\u00e4, tuomme sen aina asiakkaan tietoisuuteen. Kierr\u00e4mme my\u00f6s johtoportaan kanssa omilla ty\u00f6maillamme, yksi iso osa sit\u00e4 on ty\u00f6turvallisuuden yll\u00e4pit\u00e4minen.<\/p>\n<p>Meid\u00e4n ty\u00f6turvallisuusk\u00e4yt\u00e4nt\u00f6mme ovat monessa asiassa yleisi\u00e4 ohjeistuksia tiukemmat. Me emme halua, ett\u00e4 kukaan loukkaantuu meid\u00e4n vahtivuorollamme. Erityisen hyv\u00e4\u00e4 palautetta olemme saaneet poikkeamien raportoinnista ja k\u00e4sittelyst\u00e4. K\u00e4sittelemme jokaisen poikkeaman niin, ett\u00e4 samaa virhett\u00e4 ei tehd\u00e4 uudelleen. Meid\u00e4n mielest\u00e4mme kaikki tapaturmat ovat estett\u00e4viss\u00e4 riitt\u00e4v\u00e4ll\u00e4 kommunikaatiolla ja perehdytyksell\u00e4.[\/vc_column_text][\/vc_column][vc_column column_width_percent=&#8221;100&#8243; gutter_size=&#8221;3&#8243; style=&#8221;dark&#8221; overlay_alpha=&#8221;50&#8243; shift_x=&#8221;0&#8243; shift_y=&#8221;0&#8243; shift_y_down=&#8221;0&#8243; z_index=&#8221;0&#8243; medium_width=&#8221;4&#8243; mobile_width=&#8221;0&#8243; width=&#8221;1\/2&#8243; el_class=&#8221;inverted-device-order&#8221; uncode_shortcode_id=&#8221;155224&#8243;][vc_row_inner][vc_column_inner column_width_percent=&#8221;100&#8243; gutter_size=&#8221;2&#8243; back_color=&#8221;color-936510&#8243; overlay_alpha=&#8221;50&#8243; shift_x=&#8221;0&#8243; shift_y=&#8221;0&#8243; shift_y_down=&#8221;0&#8243; z_index=&#8221;0&#8243; medium_width=&#8221;0&#8243; mobile_width=&#8221;0&#8243; width=&#8221;1\/1&#8243; uncode_shortcode_id=&#8221;146873&#8243; back_color_type=&#8221;uncode-palette&#8221;][vc_custom_heading heading_semantic=&#8221;h3&#8243; uncode_shortcode_id=&#8221;252714&#8243;]Sanoista tekoihin[\/vc_custom_heading][uncode_list icon=&#8221;fa fa-check&#8221; icon_color=&#8221;color-xsdn&#8221; uncode_shortcode_id=&#8221;755553&#8243; icon_color_type=&#8221;uncode-palette&#8221;]<\/p>\n<ul>\n<li>Asenne<\/li>\n<li>Riskien arviointi<\/li>\n<li>Koulutukset ja p\u00e4tevyydet<\/li>\n<li>Turvalliset ty\u00f6tavat<\/li>\n<li>Poikkeamien raportointi ja k\u00e4sittely<\/li>\n<li>Perehdytykset<\/li>\n<\/ul>\n<p>[\/uncode_list][\/vc_column_inner][\/vc_row_inner][vc_single_image media=&#8221;409&#8243; media_width_percent=&#8221;100&#8243; uncode_shortcode_id=&#8221;329602&#8243;][\/vc_column][\/vc_row]<\/p>\n<\/div>","protected":false},"excerpt":{"rendered":"<p>Turvallisuudesta emme tingi! Takaamme jokaiselle ty\u00f6ntekij\u00e4llemme turvallisen ymp\u00e4rist\u00f6n ty\u00f6skentelyyn.<\/p>\n","protected":false},"author":1,"featured_media":403,"parent":0,"menu_order":0,"comment_status":"closed","ping_status":"closed","template":"","meta":{"footnotes":""},"class_list":["post-150","page","type-page","status-publish","has-post-thumbnail","hentry"],"yoast_head":"<!-- This site is optimized with the Yoast SEO plugin v26.9 - https:\/\/yoast.com\/product\/yoast-seo-wordpress\/ -->\n<title>Turvallisuus (HSEQ) - Peswin Service<\/title>\n<meta name=\"robots\" content=\"index, follow, max-snippet:-1, max-image-preview:large, max-video-preview:-1\" \/>\n<link rel=\"canonical\" href=\"https:\/\/peswinservice.com\/sv\/turvallisuus-hse\/\" \/>\n<meta property=\"og:locale\" content=\"sv_SE\" \/>\n<meta property=\"og:type\" content=\"article\" \/>\n<meta property=\"og:title\" content=\"Turvallisuus (HSEQ) - Peswin Service\" \/>\n<meta property=\"og:description\" content=\"Turvallisuudesta emme tingi! Takaamme jokaiselle ty\u00f6ntekij\u00e4llemme turvallisen ymp\u00e4rist\u00f6n ty\u00f6skentelyyn.\" \/>\n<meta property=\"og:url\" content=\"https:\/\/peswinservice.com\/sv\/turvallisuus-hse\/\" \/>\n<meta property=\"og:site_name\" content=\"Peswin Service\" \/>\n<meta property=\"article:publisher\" content=\"https:\/\/www.facebook.com\/peswinoy\" \/>\n<meta property=\"article:modified_time\" content=\"2025-04-23T09:34:20+00:00\" \/>\n<meta property=\"og:image\" content=\"https:\/\/peswinservice.com\/wp-content\/uploads\/2023\/12\/peswinservice.webp\" \/>\n\t<meta property=\"og:image:width\" content=\"1920\" \/>\n\t<meta property=\"og:image:height\" content=\"1440\" \/>\n\t<meta property=\"og:image:type\" content=\"image\/webp\" \/>\n<meta name=\"twitter:card\" content=\"summary_large_image\" \/>\n<meta name=\"twitter:label1\" content=\"Ber\u00e4knad l\u00e4stid\" \/>\n\t<meta name=\"twitter:data1\" content=\"2 minuter\" \/>\n<script type=\"application\/ld+json\" class=\"yoast-schema-graph\">{\"@context\":\"https:\/\/schema.org\",\"@graph\":[{\"@type\":\"WebPage\",\"@id\":\"https:\/\/peswinservice.com\/sv\/turvallisuus-hse\/\",\"url\":\"https:\/\/peswinservice.com\/sv\/turvallisuus-hse\/\",\"name\":\"Turvallisuus (HSEQ) - Peswin Service\",\"isPartOf\":{\"@id\":\"https:\/\/peswinservice.com\/sv\/#website\"},\"primaryImageOfPage\":{\"@id\":\"https:\/\/peswinservice.com\/sv\/turvallisuus-hse\/#primaryimage\"},\"image\":{\"@id\":\"https:\/\/peswinservice.com\/sv\/turvallisuus-hse\/#primaryimage\"},\"thumbnailUrl\":\"https:\/\/peswinservice.com\/wp-content\/uploads\/2023\/12\/peswinservice.webp\",\"datePublished\":\"2023-12-26T20:30:59+00:00\",\"dateModified\":\"2025-04-23T09:34:20+00:00\",\"breadcrumb\":{\"@id\":\"https:\/\/peswinservice.com\/sv\/turvallisuus-hse\/#breadcrumb\"},\"inLanguage\":\"sv-SE\",\"potentialAction\":[{\"@type\":\"ReadAction\",\"target\":[\"https:\/\/peswinservice.com\/sv\/turvallisuus-hse\/\"]}]},{\"@type\":\"ImageObject\",\"inLanguage\":\"sv-SE\",\"@id\":\"https:\/\/peswinservice.com\/sv\/turvallisuus-hse\/#primaryimage\",\"url\":\"https:\/\/peswinservice.com\/wp-content\/uploads\/2023\/12\/peswinservice.webp\",\"contentUrl\":\"https:\/\/peswinservice.com\/wp-content\/uploads\/2023\/12\/peswinservice.webp\",\"width\":1920,\"height\":1440},{\"@type\":\"BreadcrumbList\",\"@id\":\"https:\/\/peswinservice.com\/sv\/turvallisuus-hse\/#breadcrumb\",\"itemListElement\":[{\"@type\":\"ListItem\",\"position\":1,\"name\":\"Etusivu\",\"item\":\"https:\/\/peswinservice.com\/sv\/\"},{\"@type\":\"ListItem\",\"position\":2,\"name\":\"Turvallisuus (HSEQ)\"}]},{\"@type\":\"WebSite\",\"@id\":\"https:\/\/peswinservice.com\/sv\/#website\",\"url\":\"https:\/\/peswinservice.com\/sv\/\",\"name\":\"Peswin Service\",\"description\":\"Emme ota mit\u00e4\u00e4n kevyesti!\",\"publisher\":{\"@id\":\"https:\/\/peswinservice.com\/sv\/#organization\"},\"potentialAction\":[{\"@type\":\"SearchAction\",\"target\":{\"@type\":\"EntryPoint\",\"urlTemplate\":\"https:\/\/peswinservice.com\/sv\/?s={search_term_string}\"},\"query-input\":{\"@type\":\"PropertyValueSpecification\",\"valueRequired\":true,\"valueName\":\"search_term_string\"}}],\"inLanguage\":\"sv-SE\"},{\"@type\":\"Organization\",\"@id\":\"https:\/\/peswinservice.com\/sv\/#organization\",\"name\":\"Peswin Oy\",\"url\":\"https:\/\/peswinservice.com\/sv\/\",\"logo\":{\"@type\":\"ImageObject\",\"inLanguage\":\"sv-SE\",\"@id\":\"https:\/\/peswinservice.com\/sv\/#\/schema\/logo\/image\/\",\"url\":\"https:\/\/peswinservice.com\/wp-content\/uploads\/2023\/12\/peswinlogovalkservice-02.webp\",\"contentUrl\":\"https:\/\/peswinservice.com\/wp-content\/uploads\/2023\/12\/peswinlogovalkservice-02.webp\",\"width\":594,\"height\":160,\"caption\":\"Peswin Oy\"},\"image\":{\"@id\":\"https:\/\/peswinservice.com\/sv\/#\/schema\/logo\/image\/\"},\"sameAs\":[\"https:\/\/www.facebook.com\/peswinoy\",\"https:\/\/www.instagram.com\/peswinservice\/?hl=fi\"]}]}<\/script>\n<!-- \/ Yoast SEO plugin. -->","yoast_head_json":{"title":"Turvallisuus (HSEQ) - Peswin Service","robots":{"index":"index","follow":"follow","max-snippet":"max-snippet:-1","max-image-preview":"max-image-preview:large","max-video-preview":"max-video-preview:-1"},"canonical":"https:\/\/peswinservice.com\/sv\/turvallisuus-hse\/","og_locale":"sv_SE","og_type":"article","og_title":"Turvallisuus (HSEQ) - Peswin Service","og_description":"Turvallisuudesta emme tingi! Takaamme jokaiselle ty\u00f6ntekij\u00e4llemme turvallisen ymp\u00e4rist\u00f6n ty\u00f6skentelyyn.","og_url":"https:\/\/peswinservice.com\/sv\/turvallisuus-hse\/","og_site_name":"Peswin Service","article_publisher":"https:\/\/www.facebook.com\/peswinoy","article_modified_time":"2025-04-23T09:34:20+00:00","og_image":[{"width":1920,"height":1440,"url":"https:\/\/peswinservice.com\/wp-content\/uploads\/2023\/12\/peswinservice.webp","type":"image\/webp"}],"twitter_card":"summary_large_image","twitter_misc":{"Ber\u00e4knad l\u00e4stid":"2 minuter"},"schema":{"@context":"https:\/\/schema.org","@graph":[{"@type":"WebPage","@id":"https:\/\/peswinservice.com\/sv\/turvallisuus-hse\/","url":"https:\/\/peswinservice.com\/sv\/turvallisuus-hse\/","name":"Turvallisuus (HSEQ) - Peswin Service","isPartOf":{"@id":"https:\/\/peswinservice.com\/sv\/#website"},"primaryImageOfPage":{"@id":"https:\/\/peswinservice.com\/sv\/turvallisuus-hse\/#primaryimage"},"image":{"@id":"https:\/\/peswinservice.com\/sv\/turvallisuus-hse\/#primaryimage"},"thumbnailUrl":"https:\/\/peswinservice.com\/wp-content\/uploads\/2023\/12\/peswinservice.webp","datePublished":"2023-12-26T20:30:59+00:00","dateModified":"2025-04-23T09:34:20+00:00","breadcrumb":{"@id":"https:\/\/peswinservice.com\/sv\/turvallisuus-hse\/#breadcrumb"},"inLanguage":"sv-SE","potentialAction":[{"@type":"ReadAction","target":["https:\/\/peswinservice.com\/sv\/turvallisuus-hse\/"]}]},{"@type":"ImageObject","inLanguage":"sv-SE","@id":"https:\/\/peswinservice.com\/sv\/turvallisuus-hse\/#primaryimage","url":"https:\/\/peswinservice.com\/wp-content\/uploads\/2023\/12\/peswinservice.webp","contentUrl":"https:\/\/peswinservice.com\/wp-content\/uploads\/2023\/12\/peswinservice.webp","width":1920,"height":1440},{"@type":"BreadcrumbList","@id":"https:\/\/peswinservice.com\/sv\/turvallisuus-hse\/#breadcrumb","itemListElement":[{"@type":"ListItem","position":1,"name":"Etusivu","item":"https:\/\/peswinservice.com\/sv\/"},{"@type":"ListItem","position":2,"name":"Turvallisuus (HSEQ)"}]},{"@type":"WebSite","@id":"https:\/\/peswinservice.com\/sv\/#website","url":"https:\/\/peswinservice.com\/sv\/","name":"Peswin Service","description":"Emme ota mit\u00e4\u00e4n kevyesti!","publisher":{"@id":"https:\/\/peswinservice.com\/sv\/#organization"},"potentialAction":[{"@type":"SearchAction","target":{"@type":"EntryPoint","urlTemplate":"https:\/\/peswinservice.com\/sv\/?s={search_term_string}"},"query-input":{"@type":"PropertyValueSpecification","valueRequired":true,"valueName":"search_term_string"}}],"inLanguage":"sv-SE"},{"@type":"Organization","@id":"https:\/\/peswinservice.com\/sv\/#organization","name":"Peswin Oy","url":"https:\/\/peswinservice.com\/sv\/","logo":{"@type":"ImageObject","inLanguage":"sv-SE","@id":"https:\/\/peswinservice.com\/sv\/#\/schema\/logo\/image\/","url":"https:\/\/peswinservice.com\/wp-content\/uploads\/2023\/12\/peswinlogovalkservice-02.webp","contentUrl":"https:\/\/peswinservice.com\/wp-content\/uploads\/2023\/12\/peswinlogovalkservice-02.webp","width":594,"height":160,"caption":"Peswin Oy"},"image":{"@id":"https:\/\/peswinservice.com\/sv\/#\/schema\/logo\/image\/"},"sameAs":["https:\/\/www.facebook.com\/peswinoy","https:\/\/www.instagram.com\/peswinservice\/?hl=fi"]}]}},"_links":{"self":[{"href":"https:\/\/peswinservice.com\/sv\/wp-json\/wp\/v2\/pages\/150","targetHints":{"allow":["GET"]}}],"collection":[{"href":"https:\/\/peswinservice.com\/sv\/wp-json\/wp\/v2\/pages"}],"about":[{"href":"https:\/\/peswinservice.com\/sv\/wp-json\/wp\/v2\/types\/page"}],"author":[{"embeddable":true,"href":"https:\/\/peswinservice.com\/sv\/wp-json\/wp\/v2\/users\/1"}],"replies":[{"embeddable":true,"href":"https:\/\/peswinservice.com\/sv\/wp-json\/wp\/v2\/comments?post=150"}],"version-history":[{"count":12,"href":"https:\/\/peswinservice.com\/sv\/wp-json\/wp\/v2\/pages\/150\/revisions"}],"predecessor-version":[{"id":529,"href":"https:\/\/peswinservice.com\/sv\/wp-json\/wp\/v2\/pages\/150\/revisions\/529"}],"wp:featuredmedia":[{"embeddable":true,"href":"https:\/\/peswinservice.com\/sv\/wp-json\/wp\/v2\/media\/403"}],"wp:attachment":[{"href":"https:\/\/peswinservice.com\/sv\/wp-json\/wp\/v2\/media?parent=150"}],"curies":[{"name":"wp","href":"https:\/\/api.w.org\/{rel}","templated":true}]}}