{"id":162,"date":"2023-12-26T20:40:35","date_gmt":"2023-12-26T20:40:35","guid":{"rendered":"https:\/\/peswinservice.com\/?page_id=162"},"modified":"2025-11-27T15:01:14","modified_gmt":"2025-11-27T13:01:14","slug":"vastuullisuus","status":"publish","type":"page","link":"https:\/\/peswinservice.com\/sv\/vastuullisuus\/","title":{"rendered":"Vastuullisuus"},"content":{"rendered":"<div class=\"wpb-content-wrapper\"><p>[vc_row row_height_percent=&#8221;0&#8243; override_padding=&#8221;yes&#8221; h_padding=&#8221;2&#8243; top_padding=&#8221;4&#8243; bottom_padding=&#8221;2&#8243; back_color=&#8221;color-851879&#8243; parallax=&#8221;yes&#8221; overlay_color=&#8221;color-168588&#8243; overlay_alpha=&#8221;100&#8243; equal_height=&#8221;yes&#8221; gutter_size=&#8221;3&#8243; column_width_percent=&#8221;100&#8243; shift_y=&#8221;0&#8243; z_index=&#8221;0&#8243; top_divider=&#8221;gradient&#8221; bottom_divider=&#8221;gradient&#8221; content_parallax=&#8221;0&#8243; uncode_shortcode_id=&#8221;103051&#8243; back_color_type=&#8221;uncode-palette&#8221; overlay_color_type=&#8221;uncode-palette&#8221;][vc_column column_width_percent=&#8221;100&#8243; position_vertical=&#8221;bottom&#8221; gutter_size=&#8221;3&#8243; style=&#8221;dark&#8221; overlay_alpha=&#8221;50&#8243; shift_x=&#8221;0&#8243; shift_y=&#8221;0&#8243; shift_y_down=&#8221;0&#8243; z_index=&#8221;0&#8243; medium_width=&#8221;0&#8243; mobile_width=&#8221;0&#8243; width=&#8221;1\/1&#8243;][vc_row_inner row_inner_height_percent=&#8221;0&#8243; overlay_alpha=&#8221;50&#8243; gutter_size=&#8221;3&#8243; shift_y=&#8221;0&#8243;][vc_column_inner column_width_percent=&#8221;100&#8243; gutter_size=&#8221;2&#8243; style=&#8221;dark&#8221; overlay_alpha=&#8221;50&#8243; shift_x=&#8221;0&#8243; shift_y=&#8221;0&#8243; shift_y_down=&#8221;0&#8243; z_index=&#8221;0&#8243; medium_width=&#8221;0&#8243; mobile_width=&#8221;0&#8243; css_animation=&#8221;alpha-anim&#8221; animation_delay=&#8221;200&#8243; width=&#8221;9\/12&#8243; uncode_shortcode_id=&#8221;423715&#8243;][uncode_breadcrumbs][vc_custom_heading text_size=&#8221;h1&#8243; css_animation=&#8221;right-t-left&#8221; animation_delay=&#8221;400&#8243; uncode_shortcode_id=&#8221;903115&#8243; subheading=&#8221;Toimimme vastuullisesti kaikissa tilanteissa, arvostaen yhdenvertaisuutta, paikallisuutta ja kest\u00e4v\u00e4\u00e4 kehityst\u00e4. Pid\u00e4mme kiinni lupauksistamme, huolehdimme ty\u00f6ntekij\u00f6ist\u00e4mme ja asiakkaistamme sek\u00e4 tuemme suomalaista teollisuutta vastuullisen kunnossapidon kautta.&#8221;]Vastuullisuus on meille tekoja[\/vc_custom_heading][\/vc_column_inner][vc_column_inner width=&#8221;3\/12&#8243;][\/vc_column_inner][\/vc_row_inner][\/vc_column][\/vc_row][vc_row row_height_percent=&#8221;0&#8243; override_padding=&#8221;yes&#8221; h_padding=&#8221;2&#8243; top_padding=&#8221;2&#8243; bottom_padding=&#8221;2&#8243; back_color=&#8221;color-851879&#8243; overlay_alpha=&#8221;50&#8243; gutter_size=&#8221;4&#8243; column_width_percent=&#8221;100&#8243; shift_y=&#8221;0&#8243; z_index=&#8221;0&#8243; row_custom_slug_check=&#8221;yes&#8221; el_class=&#8221;inverted-device-order&#8221; uncode_shortcode_id=&#8221;212368&#8243; back_color_type=&#8221;uncode-palette&#8221; row_name=&#8221;Asennusty\u00f6t&#8221; row_custom_slug=&#8221;asennustyot&#8221;][vc_column column_width_percent=&#8221;100&#8243; position_horizontal=&#8221;left&#8221; gutter_size=&#8221;3&#8243; style=&#8221;dark&#8221; overlay_alpha=&#8221;50&#8243; shift_x=&#8221;0&#8243; shift_y=&#8221;0&#8243; shift_y_down=&#8221;0&#8243; z_index=&#8221;0&#8243; medium_width=&#8221;4&#8243; mobile_width=&#8221;0&#8243; width=&#8221;1\/2&#8243; uncode_shortcode_id=&#8221;195172&#8243;][vc_column_text uncode_shortcode_id=&#8221;270875&#8243;]<strong>TAVOITTEENA HIILINEUTRAALISUUS<\/strong><\/p>\n<p>Peswin Oy:n tavoitteena on, ett\u00e4 jokaisella yhteisty\u00f6kumppanillamme on ymm\u00e4rrys oman toiminnan hiilijalanj\u00e4ljest\u00e4 osana omaa tuotantoketjua. T\u00e4m\u00e4n asian mahdollistamiseksi olemme selvitt\u00e4neet Peswin Oy:n oman hiilijalanj\u00e4ljen. Hiilijalanj\u00e4lkim\u00e4\u00e4rittelyll\u00e4 pyrimme yhdess\u00e4 sidosryhmiemme kanssa tiedostamaan oman nykyisen hiilijalanj\u00e4lkemme ja tulevaisuudessa parantamaan toimintaamme koko arvoketjussa hiilijalanj\u00e4ljen pienent\u00e4miseksi.<br \/>\nToimivin keino hiilijalanj\u00e4ljen pienent\u00e4miseen on hy\u00f6dynt\u00e4\u00e4 parasta mahdollista teknologiaa matkalla kohti hiilineutraaliutta. Tulevien kehityshankkeidemme yksi p\u00e4\u00e4tavoitteista on ottaa k\u00e4ytt\u00f6\u00f6n teknologiaa ja menetelmi\u00e4, jotka pienent\u00e4v\u00e4t hiilijalanj\u00e4lke\u00e4 sek\u00e4 tehostaa tuotannon resurssien k\u00e4ytt\u00f6\u00e4.<\/p>\n<p><strong>YMP\u00c4RIST\u00d6N PUOLESTA<\/strong><\/p>\n<p>Kierr\u00e4tys on iso osa teollisuutta. Kierr\u00e4tys ja materiaalien asianmukainen k\u00e4sittely on keskeinen ja merkitt\u00e4v\u00e4 keino v\u00e4hent\u00e4\u00e4 ymp\u00e4rist\u00f6kuormitusta ja parantaa resurssitehokkuutta. Hy\u00f6dynn\u00e4mme purettuja ja vaihdettuja osia mahdollisuuksien mukaan tai kierr\u00e4t\u00e4mme ne vastuullisesti. Tarjoammekin asiakkaalle esimerkiksi purkuty\u00f6n yhteydess\u00e4 hyvityksen kierr\u00e4tetyist\u00e4 materiaaleista. Suunnittelemme jokaisen ty\u00f6n erikseen yksil\u00f6n\u00e4, jotta n\u00e4emme, onko projektissa, jotain mill\u00e4 voitaisiin parantaa laitteiston kest\u00e4vyytt\u00e4 tai v\u00e4hent\u00e4\u00e4 ymp\u00e4rist\u00f6haittoja.<br \/>\nTeemme yhteisty\u00f6t\u00e4 kierr\u00e4tyksen asiantuntijoiden kanssa, jotta voimme kehitt\u00e4\u00e4 entist\u00e4 ymp\u00e4rist\u00f6yst\u00e4v\u00e4llisempi\u00e4 ratkaisuja.<\/p>\n<p><strong>HALUAMME OLLA REILU KAIKILLE<\/strong><\/p>\n<p>Tarjoamme ty\u00f6ntekij\u00f6illemme turvallisen ymp\u00e4rist\u00f6n ja yhdenvertaiset mahdollisuudet. Me emme pystyisi toimimaan ilman ammattitaitoisia asentajiamme, jotka viev\u00e4t jokaisen projektin maaliin. Meill\u00e4 suorittava ty\u00f6ntekij\u00e4 ansaitsee kaiken arvostuksen, sill\u00e4 h\u00e4n vie fyysisen ty\u00f6n lis\u00e4ksi meid\u00e4n asennettamme ja osaamista muualle. Meill\u00e4 Peswin Oy:ssa ei sallita mink\u00e4\u00e4nlaista syrjint\u00e4\u00e4 tai kiusaamista. Meill\u00e4 jokainen ty\u00f6ntekij\u00e4, yhteisty\u00f6kumppani ja asiakas on yksil\u00f6. Maksamme aina ty\u00f6ntekij\u00f6illemme reilun palkan.<br \/>\nArvostamme paikallisuutta ja haluammekin auttaa ja hy\u00f6dynt\u00e4\u00e4 paikallisia toimijoita toiminnassamme. Teemme t\u00e4t\u00e4 esimerkiksi yhteisty\u00f6n ja sponsoroinnin kautta.<br \/>\nHaluamme olla vastuullisia asiakkaitamme kohtaan. Asiakkaan oikeudet on meille yht\u00e4 t\u00e4rkeit\u00e4, kun muidenkin sidosryhmiemme. Pid\u00e4mme sen mink\u00e4 lupaamme ja teemme sen mit\u00e4 sovimme. Jos emme onnistu siin\u00e4 niin otamme asiassa vastuun ja pid\u00e4mme huolen, ett\u00e4 asiakkaan oikeuksista pidet\u00e4\u00e4n kiinni.<br \/>\nToimimme eettisesti kaikissa tilanteissa.<\/p>\n<p><strong>AUTETAAN TEOLLISUUTTA VOIMAAN HYVIN<\/strong><\/p>\n<p>Olemme huolissamme suomalaisesta teollisuudesta. Teollisuus on vakiintunut, eritt\u00e4in t\u00e4rke\u00e4 osa suomalaisuutta ja meid\u00e4n talouttamme. Haluamme huolehtia tehtaista ja niiden kunnossa pysymisest\u00e4. Meid\u00e4n panoksemme suomalaiseen teollisuuteen on huolehtia niist\u00e4 kunnossapidon kautta.<\/p>\n<p><strong>TURVALLISUUS ON VASTUULLISUUTTA<\/strong><\/p>\n<p>Turvallisuus on meid\u00e4n alallamme iso ja jopa t\u00e4rkein osa vastuullisuutta. Emme toimisi vastuullisesti, jos emme varmistaisi ty\u00f6ntekij\u00f6idemme turvallisuutta t\u00f6iss\u00e4. Lue lis\u00e4\u00e4 turvallisuusk\u00e4yt\u00e4nn\u00f6ist\u00e4mme turvallisuus sivulta.[\/vc_column_text][\/vc_column][vc_column column_width_percent=&#8221;100&#8243; gutter_size=&#8221;3&#8243; style=&#8221;dark&#8221; overlay_alpha=&#8221;50&#8243; shift_x=&#8221;0&#8243; shift_y=&#8221;0&#8243; shift_y_down=&#8221;0&#8243; z_index=&#8221;0&#8243; medium_width=&#8221;4&#8243; mobile_width=&#8221;0&#8243; width=&#8221;1\/2&#8243; el_class=&#8221;inverted-device-order&#8221; uncode_shortcode_id=&#8221;155224&#8243;][vc_row_inner][vc_column_inner column_width_percent=&#8221;100&#8243; gutter_size=&#8221;2&#8243; back_color=&#8221;color-936510&#8243; overlay_alpha=&#8221;50&#8243; shift_x=&#8221;0&#8243; shift_y=&#8221;0&#8243; shift_y_down=&#8221;0&#8243; z_index=&#8221;0&#8243; medium_width=&#8221;0&#8243; mobile_width=&#8221;0&#8243; width=&#8221;1\/1&#8243; uncode_shortcode_id=&#8221;146873&#8243; back_color_type=&#8221;uncode-palette&#8221;][vc_custom_heading heading_semantic=&#8221;h3&#8243; uncode_shortcode_id=&#8221;252714&#8243;]Sanoista tekoihin[\/vc_custom_heading][uncode_list icon=&#8221;fa fa-check&#8221; icon_color=&#8221;color-xsdn&#8221; uncode_shortcode_id=&#8221;672298&#8243; icon_color_type=&#8221;uncode-palette&#8221;]<\/p>\n<ul>\n<li>Turvallisuus<\/li>\n<li>Hiilijalanj\u00e4lki<\/li>\n<li>Kierr\u00e4tys<\/li>\n<li>Reiluus<\/li>\n<li>Tasa-arvo<\/li>\n<li>Paikallisuus<\/li>\n<li>Yhteiskunta<\/li>\n<li>Teollisuus<\/li>\n<\/ul>\n<p>[\/uncode_list][\/vc_column_inner][\/vc_row_inner][vc_single_image media=&#8221;773&#8243; media_width_percent=&#8221;100&#8243; lbox_caption=&#8221;yes&#8221; uncode_shortcode_id=&#8221;155434&#8243;][vc_column_text uncode_shortcode_id=&#8221;511091&#8243;]Peswin vastuullisuuskuplassa on kyse meist\u00e4 ja meid\u00e4n sidosryhmist\u00e4. Vastuullisuuskuplan sis\u00e4ll\u00e4 olevat asiat ovat meid\u00e4n toimintamme prioriteetti. N\u00e4ihin kohdistuu erityisesti REILUUS kaikessa mit\u00e4 teemme.[\/vc_column_text][\/vc_column][\/vc_row][vc_row][vc_column width=&#8221;1\/1&#8243;][vc_button button_color=&#8221;color-716941&#8243; border_width=&#8221;0&#8243; link=&#8221;url:https%3A%2F%2Fpeswinservice.com%2Fturvallisuus-hse%2F&#8221; button_color_type=&#8221;uncode-palette&#8221; uncode_shortcode_id=&#8221;936200&#8243;]Tutustu turvallisuuteen[\/vc_button][\/vc_column][\/vc_row]<\/p>\n<\/div>","protected":false},"excerpt":{"rendered":"<p>Kannamme huolen ymp\u00e4rist\u00f6st\u00e4 ja sen suojelusta.<\/p>\n","protected":false},"author":1,"featured_media":403,"parent":0,"menu_order":0,"comment_status":"closed","ping_status":"closed","template":"","meta":{"footnotes":""},"class_list":["post-162","page","type-page","status-publish","has-post-thumbnail","hentry"],"yoast_head":"<!-- This site is optimized with the Yoast SEO plugin v26.9 - https:\/\/yoast.com\/product\/yoast-seo-wordpress\/ -->\n<title>Vastuullisuus - Peswin Service<\/title>\n<meta name=\"robots\" content=\"index, follow, max-snippet:-1, max-image-preview:large, max-video-preview:-1\" \/>\n<link rel=\"canonical\" href=\"https:\/\/peswinservice.com\/sv\/vastuullisuus\/\" \/>\n<meta property=\"og:locale\" content=\"sv_SE\" \/>\n<meta property=\"og:type\" content=\"article\" \/>\n<meta property=\"og:title\" content=\"Vastuullisuus - Peswin Service\" \/>\n<meta property=\"og:description\" content=\"Kannamme huolen ymp\u00e4rist\u00f6st\u00e4 ja sen suojelusta.\" \/>\n<meta property=\"og:url\" content=\"https:\/\/peswinservice.com\/sv\/vastuullisuus\/\" \/>\n<meta property=\"og:site_name\" content=\"Peswin Service\" \/>\n<meta property=\"article:publisher\" content=\"https:\/\/www.facebook.com\/peswinoy\" \/>\n<meta property=\"article:modified_time\" content=\"2025-11-27T13:01:14+00:00\" \/>\n<meta property=\"og:image\" content=\"https:\/\/peswinservice.com\/wp-content\/uploads\/2023\/12\/peswinservice.webp\" \/>\n\t<meta property=\"og:image:width\" content=\"1920\" \/>\n\t<meta property=\"og:image:height\" content=\"1440\" \/>\n\t<meta property=\"og:image:type\" content=\"image\/webp\" \/>\n<meta name=\"twitter:card\" content=\"summary_large_image\" \/>\n<meta name=\"twitter:label1\" content=\"Ber\u00e4knad l\u00e4stid\" \/>\n\t<meta name=\"twitter:data1\" content=\"4 minuter\" \/>\n<script type=\"application\/ld+json\" class=\"yoast-schema-graph\">{\"@context\":\"https:\/\/schema.org\",\"@graph\":[{\"@type\":\"WebPage\",\"@id\":\"https:\/\/peswinservice.com\/sv\/vastuullisuus\/\",\"url\":\"https:\/\/peswinservice.com\/sv\/vastuullisuus\/\",\"name\":\"Vastuullisuus - Peswin Service\",\"isPartOf\":{\"@id\":\"https:\/\/peswinservice.com\/sv\/#website\"},\"primaryImageOfPage\":{\"@id\":\"https:\/\/peswinservice.com\/sv\/vastuullisuus\/#primaryimage\"},\"image\":{\"@id\":\"https:\/\/peswinservice.com\/sv\/vastuullisuus\/#primaryimage\"},\"thumbnailUrl\":\"https:\/\/peswinservice.com\/wp-content\/uploads\/2023\/12\/peswinservice.webp\",\"datePublished\":\"2023-12-26T20:40:35+00:00\",\"dateModified\":\"2025-11-27T13:01:14+00:00\",\"breadcrumb\":{\"@id\":\"https:\/\/peswinservice.com\/sv\/vastuullisuus\/#breadcrumb\"},\"inLanguage\":\"sv-SE\",\"potentialAction\":[{\"@type\":\"ReadAction\",\"target\":[\"https:\/\/peswinservice.com\/sv\/vastuullisuus\/\"]}]},{\"@type\":\"ImageObject\",\"inLanguage\":\"sv-SE\",\"@id\":\"https:\/\/peswinservice.com\/sv\/vastuullisuus\/#primaryimage\",\"url\":\"https:\/\/peswinservice.com\/wp-content\/uploads\/2023\/12\/peswinservice.webp\",\"contentUrl\":\"https:\/\/peswinservice.com\/wp-content\/uploads\/2023\/12\/peswinservice.webp\",\"width\":1920,\"height\":1440},{\"@type\":\"BreadcrumbList\",\"@id\":\"https:\/\/peswinservice.com\/sv\/vastuullisuus\/#breadcrumb\",\"itemListElement\":[{\"@type\":\"ListItem\",\"position\":1,\"name\":\"Etusivu\",\"item\":\"https:\/\/peswinservice.com\/sv\/\"},{\"@type\":\"ListItem\",\"position\":2,\"name\":\"Vastuullisuus\"}]},{\"@type\":\"WebSite\",\"@id\":\"https:\/\/peswinservice.com\/sv\/#website\",\"url\":\"https:\/\/peswinservice.com\/sv\/\",\"name\":\"Peswin Service\",\"description\":\"Emme ota mit\u00e4\u00e4n kevyesti!\",\"publisher\":{\"@id\":\"https:\/\/peswinservice.com\/sv\/#organization\"},\"potentialAction\":[{\"@type\":\"SearchAction\",\"target\":{\"@type\":\"EntryPoint\",\"urlTemplate\":\"https:\/\/peswinservice.com\/sv\/?s={search_term_string}\"},\"query-input\":{\"@type\":\"PropertyValueSpecification\",\"valueRequired\":true,\"valueName\":\"search_term_string\"}}],\"inLanguage\":\"sv-SE\"},{\"@type\":\"Organization\",\"@id\":\"https:\/\/peswinservice.com\/sv\/#organization\",\"name\":\"Peswin Oy\",\"url\":\"https:\/\/peswinservice.com\/sv\/\",\"logo\":{\"@type\":\"ImageObject\",\"inLanguage\":\"sv-SE\",\"@id\":\"https:\/\/peswinservice.com\/sv\/#\/schema\/logo\/image\/\",\"url\":\"https:\/\/peswinservice.com\/wp-content\/uploads\/2023\/12\/peswinlogovalkservice-02.webp\",\"contentUrl\":\"https:\/\/peswinservice.com\/wp-content\/uploads\/2023\/12\/peswinlogovalkservice-02.webp\",\"width\":594,\"height\":160,\"caption\":\"Peswin Oy\"},\"image\":{\"@id\":\"https:\/\/peswinservice.com\/sv\/#\/schema\/logo\/image\/\"},\"sameAs\":[\"https:\/\/www.facebook.com\/peswinoy\",\"https:\/\/www.instagram.com\/peswinservice\/?hl=fi\"]}]}<\/script>\n<!-- \/ Yoast SEO plugin. -->","yoast_head_json":{"title":"Vastuullisuus - Peswin Service","robots":{"index":"index","follow":"follow","max-snippet":"max-snippet:-1","max-image-preview":"max-image-preview:large","max-video-preview":"max-video-preview:-1"},"canonical":"https:\/\/peswinservice.com\/sv\/vastuullisuus\/","og_locale":"sv_SE","og_type":"article","og_title":"Vastuullisuus - Peswin Service","og_description":"Kannamme huolen ymp\u00e4rist\u00f6st\u00e4 ja sen suojelusta.","og_url":"https:\/\/peswinservice.com\/sv\/vastuullisuus\/","og_site_name":"Peswin Service","article_publisher":"https:\/\/www.facebook.com\/peswinoy","article_modified_time":"2025-11-27T13:01:14+00:00","og_image":[{"width":1920,"height":1440,"url":"https:\/\/peswinservice.com\/wp-content\/uploads\/2023\/12\/peswinservice.webp","type":"image\/webp"}],"twitter_card":"summary_large_image","twitter_misc":{"Ber\u00e4knad l\u00e4stid":"4 minuter"},"schema":{"@context":"https:\/\/schema.org","@graph":[{"@type":"WebPage","@id":"https:\/\/peswinservice.com\/sv\/vastuullisuus\/","url":"https:\/\/peswinservice.com\/sv\/vastuullisuus\/","name":"Vastuullisuus - Peswin Service","isPartOf":{"@id":"https:\/\/peswinservice.com\/sv\/#website"},"primaryImageOfPage":{"@id":"https:\/\/peswinservice.com\/sv\/vastuullisuus\/#primaryimage"},"image":{"@id":"https:\/\/peswinservice.com\/sv\/vastuullisuus\/#primaryimage"},"thumbnailUrl":"https:\/\/peswinservice.com\/wp-content\/uploads\/2023\/12\/peswinservice.webp","datePublished":"2023-12-26T20:40:35+00:00","dateModified":"2025-11-27T13:01:14+00:00","breadcrumb":{"@id":"https:\/\/peswinservice.com\/sv\/vastuullisuus\/#breadcrumb"},"inLanguage":"sv-SE","potentialAction":[{"@type":"ReadAction","target":["https:\/\/peswinservice.com\/sv\/vastuullisuus\/"]}]},{"@type":"ImageObject","inLanguage":"sv-SE","@id":"https:\/\/peswinservice.com\/sv\/vastuullisuus\/#primaryimage","url":"https:\/\/peswinservice.com\/wp-content\/uploads\/2023\/12\/peswinservice.webp","contentUrl":"https:\/\/peswinservice.com\/wp-content\/uploads\/2023\/12\/peswinservice.webp","width":1920,"height":1440},{"@type":"BreadcrumbList","@id":"https:\/\/peswinservice.com\/sv\/vastuullisuus\/#breadcrumb","itemListElement":[{"@type":"ListItem","position":1,"name":"Etusivu","item":"https:\/\/peswinservice.com\/sv\/"},{"@type":"ListItem","position":2,"name":"Vastuullisuus"}]},{"@type":"WebSite","@id":"https:\/\/peswinservice.com\/sv\/#website","url":"https:\/\/peswinservice.com\/sv\/","name":"Peswin Service","description":"Emme ota mit\u00e4\u00e4n kevyesti!","publisher":{"@id":"https:\/\/peswinservice.com\/sv\/#organization"},"potentialAction":[{"@type":"SearchAction","target":{"@type":"EntryPoint","urlTemplate":"https:\/\/peswinservice.com\/sv\/?s={search_term_string}"},"query-input":{"@type":"PropertyValueSpecification","valueRequired":true,"valueName":"search_term_string"}}],"inLanguage":"sv-SE"},{"@type":"Organization","@id":"https:\/\/peswinservice.com\/sv\/#organization","name":"Peswin Oy","url":"https:\/\/peswinservice.com\/sv\/","logo":{"@type":"ImageObject","inLanguage":"sv-SE","@id":"https:\/\/peswinservice.com\/sv\/#\/schema\/logo\/image\/","url":"https:\/\/peswinservice.com\/wp-content\/uploads\/2023\/12\/peswinlogovalkservice-02.webp","contentUrl":"https:\/\/peswinservice.com\/wp-content\/uploads\/2023\/12\/peswinlogovalkservice-02.webp","width":594,"height":160,"caption":"Peswin Oy"},"image":{"@id":"https:\/\/peswinservice.com\/sv\/#\/schema\/logo\/image\/"},"sameAs":["https:\/\/www.facebook.com\/peswinoy","https:\/\/www.instagram.com\/peswinservice\/?hl=fi"]}]}},"_links":{"self":[{"href":"https:\/\/peswinservice.com\/sv\/wp-json\/wp\/v2\/pages\/162","targetHints":{"allow":["GET"]}}],"collection":[{"href":"https:\/\/peswinservice.com\/sv\/wp-json\/wp\/v2\/pages"}],"about":[{"href":"https:\/\/peswinservice.com\/sv\/wp-json\/wp\/v2\/types\/page"}],"author":[{"embeddable":true,"href":"https:\/\/peswinservice.com\/sv\/wp-json\/wp\/v2\/users\/1"}],"replies":[{"embeddable":true,"href":"https:\/\/peswinservice.com\/sv\/wp-json\/wp\/v2\/comments?post=162"}],"version-history":[{"count":28,"href":"https:\/\/peswinservice.com\/sv\/wp-json\/wp\/v2\/pages\/162\/revisions"}],"predecessor-version":[{"id":786,"href":"https:\/\/peswinservice.com\/sv\/wp-json\/wp\/v2\/pages\/162\/revisions\/786"}],"wp:featuredmedia":[{"embeddable":true,"href":"https:\/\/peswinservice.com\/sv\/wp-json\/wp\/v2\/media\/403"}],"wp:attachment":[{"href":"https:\/\/peswinservice.com\/sv\/wp-json\/wp\/v2\/media?parent=162"}],"curies":[{"name":"wp","href":"https:\/\/api.w.org\/{rel}","templated":true}]}}