{"id":167,"date":"2023-12-26T21:14:07","date_gmt":"2023-12-26T21:14:07","guid":{"rendered":"https:\/\/peswinservice.com\/?page_id=167"},"modified":"2026-02-06T14:51:49","modified_gmt":"2026-02-06T12:51:49","slug":"peswin-oy","status":"publish","type":"page","link":"https:\/\/peswinservice.com\/sv\/peswin-oy\/","title":{"rendered":"Peswin Oy"},"content":{"rendered":"<div class=\"wpb-content-wrapper\"><p>[vc_row row_height_percent=&#8221;0&#8243; override_padding=&#8221;yes&#8221; h_padding=&#8221;2&#8243; top_padding=&#8221;4&#8243; bottom_padding=&#8221;2&#8243; back_color=&#8221;color-851879&#8243; parallax=&#8221;yes&#8221; overlay_color=&#8221;color-168588&#8243; overlay_alpha=&#8221;100&#8243; equal_height=&#8221;yes&#8221; gutter_size=&#8221;3&#8243; column_width_percent=&#8221;100&#8243; shift_y=&#8221;0&#8243; z_index=&#8221;0&#8243; top_divider=&#8221;gradient&#8221; bottom_divider=&#8221;gradient&#8221; content_parallax=&#8221;0&#8243; uncode_shortcode_id=&#8221;822926&#8243; back_color_type=&#8221;uncode-palette&#8221; overlay_color_type=&#8221;uncode-palette&#8221;][vc_column column_width_percent=&#8221;100&#8243; position_vertical=&#8221;bottom&#8221; gutter_size=&#8221;3&#8243; style=&#8221;dark&#8221; overlay_alpha=&#8221;50&#8243; shift_x=&#8221;0&#8243; shift_y=&#8221;0&#8243; shift_y_down=&#8221;0&#8243; z_index=&#8221;0&#8243; medium_width=&#8221;0&#8243; mobile_width=&#8221;0&#8243; width=&#8221;1\/1&#8243;][vc_row_inner row_inner_height_percent=&#8221;0&#8243; overlay_alpha=&#8221;50&#8243; gutter_size=&#8221;3&#8243; shift_y=&#8221;0&#8243;][vc_column_inner column_width_percent=&#8221;100&#8243; gutter_size=&#8221;2&#8243; style=&#8221;dark&#8221; overlay_alpha=&#8221;50&#8243; shift_x=&#8221;0&#8243; shift_y=&#8221;0&#8243; shift_y_down=&#8221;0&#8243; z_index=&#8221;0&#8243; medium_width=&#8221;0&#8243; mobile_width=&#8221;0&#8243; css_animation=&#8221;alpha-anim&#8221; animation_delay=&#8221;200&#8243; width=&#8221;9\/12&#8243; uncode_shortcode_id=&#8221;423715&#8243;][uncode_breadcrumbs][vc_custom_heading text_size=&#8221;h1&#8243; css_animation=&#8221;right-t-left&#8221; animation_delay=&#8221;400&#8243; uncode_shortcode_id=&#8221;435551&#8243;]P\u00e4\u00e4tavoitteenamme on tuoda markkinoille suomalaista teollisuusalan osaamista![\/vc_custom_heading][\/vc_column_inner][vc_column_inner width=&#8221;3\/12&#8243;][\/vc_column_inner][\/vc_row_inner][\/vc_column][\/vc_row][vc_row row_height_percent=&#8221;0&#8243; override_padding=&#8221;yes&#8221; h_padding=&#8221;2&#8243; top_padding=&#8221;2&#8243; bottom_padding=&#8221;2&#8243; back_color=&#8221;color-851879&#8243; overlay_color=&#8221;color-168588&#8243; overlay_alpha=&#8221;50&#8243; gutter_size=&#8221;4&#8243; column_width_percent=&#8221;100&#8243; shift_y=&#8221;0&#8243; z_index=&#8221;0&#8243; row_custom_slug_check=&#8221;yes&#8221; el_class=&#8221;inverted-device-order&#8221; uncode_shortcode_id=&#8221;145669&#8243; back_color_type=&#8221;uncode-palette&#8221; row_name=&#8221;Asennusty\u00f6t&#8221; row_custom_slug=&#8221;asennustyot&#8221; overlay_color_type=&#8221;uncode-palette&#8221;][vc_column column_width_percent=&#8221;100&#8243; position_horizontal=&#8221;left&#8221; position_vertical=&#8221;middle&#8221; gutter_size=&#8221;3&#8243; style=&#8221;dark&#8221; overlay_alpha=&#8221;50&#8243; shift_x=&#8221;0&#8243; shift_y=&#8221;0&#8243; shift_y_down=&#8221;0&#8243; z_index=&#8221;0&#8243; medium_width=&#8221;7&#8243; mobile_width=&#8221;7&#8243; width=&#8221;1\/2&#8243; uncode_shortcode_id=&#8221;631235&#8243;][vc_single_image media=&#8221;518&#8243; media_width_percent=&#8221;100&#8243; media_ratio=&#8221;one-one&#8221; uncode_shortcode_id=&#8221;128843&#8243;][\/vc_column][vc_column column_width_percent=&#8221;100&#8243; position_vertical=&#8221;middle&#8221; gutter_size=&#8221;3&#8243; overlay_alpha=&#8221;50&#8243; shift_x=&#8221;0&#8243; shift_y=&#8221;0&#8243; shift_y_down=&#8221;0&#8243; z_index=&#8221;0&#8243; medium_width=&#8221;7&#8243; mobile_width=&#8221;7&#8243; width=&#8221;1\/2&#8243; uncode_shortcode_id=&#8221;952957&#8243;][vc_custom_heading heading_semantic=&#8221;h3&#8243; uncode_shortcode_id=&#8221;927365&#8243;]T\u00e4t\u00e4 on Peswin[\/vc_custom_heading][uncode_list icon=&#8221;fa fa-check&#8221; icon_color=&#8221;color-xsdn&#8221; uncode_shortcode_id=&#8221;105460&#8243; icon_color_type=&#8221;uncode-palette&#8221;]<\/p>\n<ul>\n<li>Perustettu vuonna 2019<\/li>\n<li>Tahdomme olla paras valinta jokaiselle sidosryhm\u00e4llemme<\/li>\n<li>Ty\u00f6llist\u00e4mme yli 20 ty\u00f6ntekij\u00e4\u00e4 kokoaikaisesti<\/li>\n<li>Meill\u00e4 on oma kalusto ja hallitilat k\u00e4yt\u00f6ss\u00e4mme<\/li>\n<li>Tarvitsemme vain luvan toimia ja toimimme<\/li>\n<\/ul>\n<p>[\/uncode_list][\/vc_column][\/vc_row][vc_row row_height_percent=&#8221;0&#8243; override_padding=&#8221;yes&#8221; h_padding=&#8221;2&#8243; top_padding=&#8221;3&#8243; bottom_padding=&#8221;3&#8243; back_color=&#8221;color-936510&#8243; overlay_alpha=&#8221;0&#8243; equal_height=&#8221;yes&#8221; gutter_size=&#8221;3&#8243; column_width_percent=&#8221;100&#8243; shift_y=&#8221;0&#8243; z_index=&#8221;0&#8243; bottom_divider=&#8221;gradient&#8221; el_class=&#8221;row-letaral section-lateral row-horizontal-display overflow-hidden shape-bg additions&#8221; uncode_shortcode_id=&#8221;772685&#8243; back_color_type=&#8221;uncode-palette&#8221;][vc_column column_width_use_pixel=&#8221;yes&#8221; position_vertical=&#8221;middle&#8221; align_horizontal=&#8221;align_center&#8221; gutter_size=&#8221;3&#8243; overlay_alpha=&#8221;50&#8243; shift_x=&#8221;0&#8243; shift_y=&#8221;0&#8243; shift_y_down=&#8221;0&#8243; z_index=&#8221;0&#8243; medium_width=&#8221;7&#8243; mobile_width=&#8221;7&#8243; width=&#8221;1\/1&#8243; uncode_shortcode_id=&#8221;123994&#8243;][vc_row_inner row_inner_height_percent=&#8221;0&#8243; overlay_alpha=&#8221;50&#8243; gutter_size=&#8221;3&#8243; shift_y=&#8221;0&#8243; z_index=&#8221;0&#8243;][vc_column_inner column_width_use_pixel=&#8221;yes&#8221; align_horizontal=&#8221;align_center&#8221; gutter_size=&#8221;2&#8243; overlay_alpha=&#8221;50&#8243; shift_x=&#8221;0&#8243; shift_y=&#8221;0&#8243; shift_y_down=&#8221;0&#8243; z_index=&#8221;0&#8243; medium_width=&#8221;0&#8243; mobile_width=&#8221;0&#8243; width=&#8221;1\/1&#8243; column_width_pixel=&#8221;800&#8243;][vc_custom_heading text_transform=&#8221;uppercase&#8221; separator_color=&#8221;yes&#8221; separator=&#8221;yes&#8221; uncode_shortcode_id=&#8221;278057&#8243;]Arvomme[\/vc_custom_heading][\/vc_column_inner][\/vc_row_inner][vc_row_inner row_inner_height_percent=&#8221;0&#8243; overlay_alpha=&#8221;100&#8243; equal_height=&#8221;yes&#8221; gutter_size=&#8221;2&#8243; shift_y=&#8221;0&#8243; z_index=&#8221;0&#8243; uncode_shortcode_id=&#8221;208975&#8243;][vc_column_inner column_width_percent=&#8221;100&#8243; align_horizontal=&#8221;align_center&#8221; gutter_size=&#8221;3&#8243; back_color=&#8221;color-851879&#8243; overlay_alpha=&#8221;100&#8243; shift_x=&#8221;0&#8243; shift_y=&#8221;0&#8243; shift_y_down=&#8221;0&#8243; z_index=&#8221;0&#8243; medium_width=&#8221;4&#8243; align_mobile=&#8221;align_center_mobile&#8221; mobile_width=&#8221;0&#8243; zoom_width=&#8221;0&#8243; zoom_height=&#8221;0&#8243; width=&#8221;1\/4&#8243; uncode_shortcode_id=&#8221;186986&#8243; back_color_type=&#8221;uncode-palette&#8221;][vc_custom_heading heading_semantic=&#8221;h3&#8243; text_size=&#8221;h4&#8243; text_transform=&#8221;uppercase&#8221; sub_reduced=&#8221;yes&#8221; subheading=&#8221;Lupausten pit\u00e4minen ja laadukas ty\u00f6n j\u00e4lki n\u00e4kyv\u00e4t jokaisessa asiakasprojektissa ja kumppanuudessa.&#8221; uncode_shortcode_id=&#8221;208775&#8243;]Luotettavuus[\/vc_custom_heading][\/vc_column_inner][vc_column_inner column_width_percent=&#8221;100&#8243; align_horizontal=&#8221;align_center&#8221; gutter_size=&#8221;3&#8243; back_color=&#8221;color-851879&#8243; overlay_alpha=&#8221;100&#8243; shift_x=&#8221;0&#8243; shift_y=&#8221;0&#8243; shift_y_down=&#8221;0&#8243; z_index=&#8221;0&#8243; medium_width=&#8221;4&#8243; align_mobile=&#8221;align_center_mobile&#8221; mobile_width=&#8221;0&#8243; zoom_width=&#8221;0&#8243; zoom_height=&#8221;0&#8243; width=&#8221;1\/4&#8243; uncode_shortcode_id=&#8221;360177&#8243; back_color_type=&#8221;uncode-palette&#8221;][vc_custom_heading heading_semantic=&#8221;h3&#8243; text_size=&#8221;h4&#8243; text_transform=&#8221;uppercase&#8221; sub_reduced=&#8221;yes&#8221; subheading=&#8221;Ty\u00f6ntekij\u00e4t, asiakkaat ja kumppanit muodostavat verkoston, jossa arvostetaan yhteisty\u00f6t\u00e4 ja avoimuutta.&#8221; uncode_shortcode_id=&#8221;842655&#8243;]Yhteis\u00f6llisyys[\/vc_custom_heading][\/vc_column_inner][vc_column_inner column_width_percent=&#8221;100&#8243; align_horizontal=&#8221;align_center&#8221; gutter_size=&#8221;3&#8243; back_color=&#8221;color-851879&#8243; overlay_alpha=&#8221;100&#8243; shift_x=&#8221;0&#8243; shift_y=&#8221;0&#8243; shift_y_down=&#8221;0&#8243; z_index=&#8221;0&#8243; medium_width=&#8221;4&#8243; align_mobile=&#8221;align_center_mobile&#8221; mobile_width=&#8221;0&#8243; zoom_width=&#8221;0&#8243; zoom_height=&#8221;0&#8243; width=&#8221;1\/4&#8243; uncode_shortcode_id=&#8221;101106&#8243; back_color_type=&#8221;uncode-palette&#8221;][vc_custom_heading heading_semantic=&#8221;h3&#8243; text_size=&#8221;h4&#8243; text_transform=&#8221;uppercase&#8221; sub_reduced=&#8221;yes&#8221; subheading=&#8221;P\u00e4\u00e4t\u00f6ksiss\u00e4 huomioidaan turvallisuus, ymp\u00e4rist\u00f6 ja ihmiset; vastuullisuus n\u00e4kyy p\u00e4ivitt\u00e4isess\u00e4 toiminnassa.&#8221; uncode_shortcode_id=&#8221;636273&#8243;]Vastuullisuus (ESG)[\/vc_custom_heading][\/vc_column_inner][vc_column_inner column_width_percent=&#8221;100&#8243; align_horizontal=&#8221;align_center&#8221; gutter_size=&#8221;3&#8243; back_color=&#8221;color-851879&#8243; overlay_alpha=&#8221;50&#8243; shift_x=&#8221;0&#8243; shift_y=&#8221;0&#8243; shift_y_down=&#8221;0&#8243; z_index=&#8221;0&#8243; medium_width=&#8221;4&#8243; align_mobile=&#8221;align_center_mobile&#8221; mobile_width=&#8221;0&#8243; width=&#8221;1\/4&#8243; uncode_shortcode_id=&#8221;196135&#8243; back_color_type=&#8221;uncode-palette&#8221;][vc_custom_heading heading_semantic=&#8221;h3&#8243; text_size=&#8221;h4&#8243; text_transform=&#8221;uppercase&#8221; sub_reduced=&#8221;yes&#8221; subheading=&#8221;Peswin on osa paikallista yhteis\u00f6\u00e4: luomme ty\u00f6paikkoja, tuemme nuoria ja osallistumme yhteisiin hankkeisiin, jotka hy\u00f6dytt\u00e4v\u00e4t ymp\u00e4r\u00f6iv\u00e4\u00e4 yhteiskuntaa.&#8221; uncode_shortcode_id=&#8221;641933&#8243;]Yhteiskunnallisuus[\/vc_custom_heading][\/vc_column_inner][\/vc_row_inner][vc_empty_space empty_h=&#8221;2&#8243;][vc_button button_color=&#8221;accent&#8221; border_width=&#8221;0&#8243; display=&#8221;inline&#8221; link=&#8221;url:https%3A%2F%2Fpeswinservice.com%2Fturvallisuus-hse%2F|title:Turvallisuus&#8221; button_color_type=&#8221;uncode-palette&#8221; uncode_shortcode_id=&#8221;296387&#8243;]Peswinin turvallisuus[\/vc_button][vc_button button_color=&#8221;accent&#8221; border_width=&#8221;0&#8243; display=&#8221;inline&#8221; link=&#8221;url:https%3A%2F%2Fpeswinservice.com%2Fvastuullisuus%2F|title:Vastuullisuus&#8221; button_color_type=&#8221;uncode-palette&#8221; uncode_shortcode_id=&#8221;138998&#8243;]Lue lis\u00e4\u00e4 vastuullisuudesta[\/vc_button][vc_empty_space empty_h=&#8221;2&#8243;][vc_custom_heading text_transform=&#8221;uppercase&#8221; separator_color=&#8221;yes&#8221; separator=&#8221;yes&#8221; uncode_shortcode_id=&#8221;193425&#8243;]Peswin Oy toimintapolitiikka[\/vc_custom_heading][vc_empty_space empty_h=&#8221;2&#8243;][vc_button button_color=&#8221;accent&#8221; border_width=&#8221;0&#8243; display=&#8221;inline&#8221; link=&#8221;url:https%3A%2F%2Fpeswinservice.com%2Fwp-content%2Fuploads%2F2025%2F10%2FPESWIN_Toimintapolitiikka_2025.pdf|title:Peswin%20toimintapolitiikka|target:_blank&#8221; button_color_type=&#8221;uncode-palette&#8221; uncode_shortcode_id=&#8221;671030&#8243;]Lue toimintapolitiikka[\/vc_button][vc_empty_space empty_h=&#8221;2&#8243;][\/vc_column][\/vc_row][vc_row row_height_percent=&#8221;0&#8243; override_padding=&#8221;yes&#8221; h_padding=&#8221;2&#8243; top_padding=&#8221;3&#8243; bottom_padding=&#8221;3&#8243; back_color=&#8221;color-851879&#8243; overlay_alpha=&#8221;50&#8243; gutter_size=&#8221;4&#8243; column_width_percent=&#8221;100&#8243; shift_y=&#8221;0&#8243; z_index=&#8221;0&#8243; uncode_shortcode_id=&#8221;208603&#8243; back_color_type=&#8221;uncode-palette&#8221; row_name=&#8221;Yhteystiedot&#8221;][vc_column column_width_percent=&#8221;100&#8243; position_horizontal=&#8221;left&#8221; position_vertical=&#8221;middle&#8221; gutter_size=&#8221;3&#8243; style=&#8221;dark&#8221; overlay_alpha=&#8221;50&#8243; shift_x=&#8221;0&#8243; shift_y=&#8221;0&#8243; shift_y_down=&#8221;0&#8243; z_index=&#8221;0&#8243; medium_width=&#8221;7&#8243; mobile_width=&#8221;0&#8243; width=&#8221;1\/1&#8243; uncode_shortcode_id=&#8221;544482&#8243;][vc_row_inner row_inner_height_percent=&#8221;0&#8243; overlay_alpha=&#8221;50&#8243; gutter_size=&#8221;3&#8243; shift_y=&#8221;0&#8243; z_index=&#8221;0&#8243;][vc_column_inner column_width_use_pixel=&#8221;yes&#8221; align_horizontal=&#8221;align_center&#8221; gutter_size=&#8221;2&#8243; overlay_alpha=&#8221;50&#8243; shift_x=&#8221;0&#8243; shift_y=&#8221;0&#8243; shift_y_down=&#8221;0&#8243; z_index=&#8221;0&#8243; medium_width=&#8221;7&#8243; mobile_width=&#8221;7&#8243; width=&#8221;1\/1&#8243; column_width_pixel=&#8221;900&#8243; uncode_shortcode_id=&#8221;485463&#8243;][vc_custom_heading text_transform=&#8221;uppercase&#8221; separator_color=&#8221;yes&#8221; separator=&#8221;yes&#8221; uncode_shortcode_id=&#8221;110742&#8243;]Avainhenkil\u00f6t[\/vc_custom_heading][vc_gallery el_id=&#8221;gallery-318462b&#8221; medias=&#8221;808,819,820,831,590,830,589,521,515,817,818,525&#8243; gutter_size=&#8221;4&#8243; media_items=&#8221;media|nolink|original,title,caption,team-social,description&#8221; screen_lg=&#8221;1000&#8243; screen_md=&#8221;600&#8243; screen_sm=&#8221;480&#8243; single_text=&#8221;under&#8221; single_width=&#8221;3&#8243; images_size=&#8221;one-one&#8221; single_style=&#8221;dark&#8221; single_shape=&#8221;circle&#8221; single_overlay_opacity=&#8221;50&#8243; single_overlay_anim=&#8221;no&#8221; single_text_anim=&#8221;no&#8221; single_image_anim=&#8221;no&#8221; single_h_align=&#8221;center&#8221; single_padding=&#8221;1&#8243; single_title_dimension=&#8221;h3&#8243; single_icon=&#8221;fa fa-plus2&#8243; single_border=&#8221;yes&#8221; lbox_title=&#8221;yes&#8221; lbox_caption=&#8221;yes&#8221; carousel_rtl=&#8221;&#8221; single_half_padding=&#8221;yes&#8221; single_title_uppercase=&#8221;&#8221; single_title_serif=&#8221;&#8221; single_no_background=&#8221;yes&#8221; items=&#8221;eyIxMzc2M19pIjp7InNpbmdsZV9saW5rIjoidXJsOmh0dHAlM0ElMkYlMkZ3d3cudW5kc2duLmNvbXx8dGFyZ2V0OiUyMF9ibGFuayJ9LCIxMzc2OV9pIjp7InNpbmdsZV9saW5rIjoidXJsOmh0dHAlM0ElMkYlMkZ3d3cudW5kc2duLmNvbXx8dGFyZ2V0OiUyMF9ibGFuayJ9LCIxMzc3MF9pIjp7InNpbmdsZV9saW5rIjoidXJsOmh0dHAlM0ElMkYlMkZ3d3cudW5kc2duLmNvbXx8dGFyZ2V0OiUyMF9ibGFuayJ9LCIxMzc2Nl9pIjp7InNpbmdsZV9saW5rIjoidXJsOmh0dHAlM0ElMkYlMkZ3d3cudW5kc2duLmNvbXx8dGFyZ2V0OiUyMF9ibGFuayJ9fQ==&#8221; uncode_shortcode_id=&#8221;245164&#8243;][\/vc_column_inner][\/vc_row_inner][\/vc_column][\/vc_row][vc_row row_height_percent=&#8221;0&#8243; override_padding=&#8221;yes&#8221; h_padding=&#8221;2&#8243; top_padding=&#8221;3&#8243; bottom_padding=&#8221;3&#8243; back_color=&#8221;color-936510&#8243; overlay_alpha=&#8221;0&#8243; equal_height=&#8221;yes&#8221; gutter_size=&#8221;3&#8243; column_width_percent=&#8221;100&#8243; shift_y=&#8221;0&#8243; z_index=&#8221;0&#8243; bottom_divider=&#8221;gradient&#8221; uncode_shortcode_id=&#8221;126925&#8243; back_color_type=&#8221;uncode-palette&#8221; row_name=&#8221;laskutustiedot&#8221;][vc_column column_width_use_pixel=&#8221;yes&#8221; position_vertical=&#8221;middle&#8221; align_horizontal=&#8221;align_center&#8221; gutter_size=&#8221;3&#8243; overlay_alpha=&#8221;50&#8243; shift_x=&#8221;0&#8243; shift_y=&#8221;0&#8243; shift_y_down=&#8221;0&#8243; z_index=&#8221;0&#8243; medium_width=&#8221;7&#8243; mobile_width=&#8221;7&#8243; width=&#8221;1\/1&#8243; uncode_shortcode_id=&#8221;187531&#8243;][vc_row_inner row_inner_height_percent=&#8221;0&#8243; overlay_alpha=&#8221;50&#8243; gutter_size=&#8221;3&#8243; shift_y=&#8221;0&#8243; z_index=&#8221;0&#8243;][vc_column_inner column_width_use_pixel=&#8221;yes&#8221; align_horizontal=&#8221;align_center&#8221; gutter_size=&#8221;2&#8243; style=&#8221;dark&#8221; overlay_alpha=&#8221;50&#8243; shift_x=&#8221;0&#8243; shift_y=&#8221;0&#8243; shift_y_down=&#8221;0&#8243; z_index=&#8221;0&#8243; medium_width=&#8221;0&#8243; mobile_width=&#8221;0&#8243; width=&#8221;1\/1&#8243; column_width_pixel=&#8221;800&#8243; uncode_shortcode_id=&#8221;197554&#8243;][vc_custom_heading text_transform=&#8221;uppercase&#8221; separator_color=&#8221;yes&#8221; separator=&#8221;yes&#8221; uncode_shortcode_id=&#8221;112514&#8243;]Laskutustiedot[\/vc_custom_heading][vc_column_text uncode_shortcode_id=&#8221;114548&#8243;]<br \/>\nVERKKOLASKUT<br \/>\nPeswin Oy, Y-tunnus: 2990016-8<br \/>\nVerkkolaskuosoite: 003729900168 | Operaattori: Apix Messaging Oy (003723327487) | V\u00e4litt\u00e4j\u00e4tunnus: DABAFIHH*<br \/>\n*K\u00e4ytt\u00e4k\u00e4\u00e4 v\u00e4litt\u00e4j\u00e4tunnusta, mik\u00e4li k\u00e4yt\u00f6ss\u00e4nne olevasta verkkolaskutusohjelmasta ei voi l\u00e4hett\u00e4\u00e4 laskuja suoraan Apix Messaging Oy:n v\u00e4litt\u00e4j\u00e4tunnukselle. Pyyd\u00e4mme ensisijaisesti l\u00e4hett\u00e4m\u00e4\u00e4n kaikki laskut verkkolaskuina.<br \/>\nPAPERILASKUT<br \/>\nPeswin Oy (Apix skannauspalvelu) | PL 16112 | 00021 LASKUTUS[\/vc_column_text][\/vc_column_inner][\/vc_row_inner][\/vc_column][\/vc_row]<\/p>\n<\/div>","protected":false},"excerpt":{"rendered":"<p>P\u00e4\u00e4tavoitteenamme on tuoda markkinoille 100 % suomalaista teollisuusalan osaamista!<\/p>\n","protected":false},"author":1,"featured_media":403,"parent":0,"menu_order":0,"comment_status":"closed","ping_status":"closed","template":"","meta":{"footnotes":""},"class_list":["post-167","page","type-page","status-publish","has-post-thumbnail","hentry"],"yoast_head":"<!-- This site is optimized with the Yoast SEO plugin v26.9 - https:\/\/yoast.com\/product\/yoast-seo-wordpress\/ -->\n<title>Peswin Oy - Peswin Service<\/title>\n<meta name=\"robots\" content=\"index, follow, max-snippet:-1, max-image-preview:large, max-video-preview:-1\" \/>\n<link rel=\"canonical\" href=\"https:\/\/peswinservice.com\/sv\/peswin-oy\/\" \/>\n<meta property=\"og:locale\" content=\"sv_SE\" \/>\n<meta property=\"og:type\" content=\"article\" \/>\n<meta property=\"og:title\" content=\"Peswin Oy - Peswin Service\" \/>\n<meta property=\"og:description\" content=\"P\u00e4\u00e4tavoitteenamme on tuoda markkinoille 100 % suomalaista teollisuusalan osaamista!\" \/>\n<meta property=\"og:url\" content=\"https:\/\/peswinservice.com\/sv\/peswin-oy\/\" \/>\n<meta property=\"og:site_name\" content=\"Peswin Service\" \/>\n<meta property=\"article:publisher\" content=\"https:\/\/www.facebook.com\/peswinoy\" \/>\n<meta property=\"article:modified_time\" content=\"2026-02-06T12:51:49+00:00\" \/>\n<meta property=\"og:image\" content=\"https:\/\/peswinservice.com\/wp-content\/uploads\/2023\/12\/peswinservice.webp\" \/>\n\t<meta property=\"og:image:width\" content=\"1920\" \/>\n\t<meta property=\"og:image:height\" content=\"1440\" \/>\n\t<meta property=\"og:image:type\" content=\"image\/webp\" \/>\n<meta name=\"twitter:card\" content=\"summary_large_image\" \/>\n<meta name=\"twitter:label1\" content=\"Ber\u00e4knad l\u00e4stid\" \/>\n\t<meta name=\"twitter:data1\" content=\"4 minuter\" \/>\n<script type=\"application\/ld+json\" class=\"yoast-schema-graph\">{\"@context\":\"https:\/\/schema.org\",\"@graph\":[{\"@type\":\"WebPage\",\"@id\":\"https:\/\/peswinservice.com\/sv\/peswin-oy\/\",\"url\":\"https:\/\/peswinservice.com\/sv\/peswin-oy\/\",\"name\":\"Peswin Oy - Peswin Service\",\"isPartOf\":{\"@id\":\"https:\/\/peswinservice.com\/sv\/#website\"},\"primaryImageOfPage\":{\"@id\":\"https:\/\/peswinservice.com\/sv\/peswin-oy\/#primaryimage\"},\"image\":{\"@id\":\"https:\/\/peswinservice.com\/sv\/peswin-oy\/#primaryimage\"},\"thumbnailUrl\":\"https:\/\/peswinservice.com\/wp-content\/uploads\/2023\/12\/peswinservice.webp\",\"datePublished\":\"2023-12-26T21:14:07+00:00\",\"dateModified\":\"2026-02-06T12:51:49+00:00\",\"breadcrumb\":{\"@id\":\"https:\/\/peswinservice.com\/sv\/peswin-oy\/#breadcrumb\"},\"inLanguage\":\"sv-SE\",\"potentialAction\":[{\"@type\":\"ReadAction\",\"target\":[\"https:\/\/peswinservice.com\/sv\/peswin-oy\/\"]}]},{\"@type\":\"ImageObject\",\"inLanguage\":\"sv-SE\",\"@id\":\"https:\/\/peswinservice.com\/sv\/peswin-oy\/#primaryimage\",\"url\":\"https:\/\/peswinservice.com\/wp-content\/uploads\/2023\/12\/peswinservice.webp\",\"contentUrl\":\"https:\/\/peswinservice.com\/wp-content\/uploads\/2023\/12\/peswinservice.webp\",\"width\":1920,\"height\":1440},{\"@type\":\"BreadcrumbList\",\"@id\":\"https:\/\/peswinservice.com\/sv\/peswin-oy\/#breadcrumb\",\"itemListElement\":[{\"@type\":\"ListItem\",\"position\":1,\"name\":\"Etusivu\",\"item\":\"https:\/\/peswinservice.com\/sv\/\"},{\"@type\":\"ListItem\",\"position\":2,\"name\":\"Peswin Oy\"}]},{\"@type\":\"WebSite\",\"@id\":\"https:\/\/peswinservice.com\/sv\/#website\",\"url\":\"https:\/\/peswinservice.com\/sv\/\",\"name\":\"Peswin Service\",\"description\":\"Emme ota mit\u00e4\u00e4n kevyesti!\",\"publisher\":{\"@id\":\"https:\/\/peswinservice.com\/sv\/#organization\"},\"potentialAction\":[{\"@type\":\"SearchAction\",\"target\":{\"@type\":\"EntryPoint\",\"urlTemplate\":\"https:\/\/peswinservice.com\/sv\/?s={search_term_string}\"},\"query-input\":{\"@type\":\"PropertyValueSpecification\",\"valueRequired\":true,\"valueName\":\"search_term_string\"}}],\"inLanguage\":\"sv-SE\"},{\"@type\":\"Organization\",\"@id\":\"https:\/\/peswinservice.com\/sv\/#organization\",\"name\":\"Peswin Oy\",\"url\":\"https:\/\/peswinservice.com\/sv\/\",\"logo\":{\"@type\":\"ImageObject\",\"inLanguage\":\"sv-SE\",\"@id\":\"https:\/\/peswinservice.com\/sv\/#\/schema\/logo\/image\/\",\"url\":\"https:\/\/peswinservice.com\/wp-content\/uploads\/2023\/12\/peswinlogovalkservice-02.webp\",\"contentUrl\":\"https:\/\/peswinservice.com\/wp-content\/uploads\/2023\/12\/peswinlogovalkservice-02.webp\",\"width\":594,\"height\":160,\"caption\":\"Peswin Oy\"},\"image\":{\"@id\":\"https:\/\/peswinservice.com\/sv\/#\/schema\/logo\/image\/\"},\"sameAs\":[\"https:\/\/www.facebook.com\/peswinoy\",\"https:\/\/www.instagram.com\/peswinservice\/?hl=fi\"]}]}<\/script>\n<!-- \/ Yoast SEO plugin. -->","yoast_head_json":{"title":"Peswin Oy - Peswin Service","robots":{"index":"index","follow":"follow","max-snippet":"max-snippet:-1","max-image-preview":"max-image-preview:large","max-video-preview":"max-video-preview:-1"},"canonical":"https:\/\/peswinservice.com\/sv\/peswin-oy\/","og_locale":"sv_SE","og_type":"article","og_title":"Peswin Oy - Peswin Service","og_description":"P\u00e4\u00e4tavoitteenamme on tuoda markkinoille 100 % suomalaista teollisuusalan osaamista!","og_url":"https:\/\/peswinservice.com\/sv\/peswin-oy\/","og_site_name":"Peswin Service","article_publisher":"https:\/\/www.facebook.com\/peswinoy","article_modified_time":"2026-02-06T12:51:49+00:00","og_image":[{"width":1920,"height":1440,"url":"https:\/\/peswinservice.com\/wp-content\/uploads\/2023\/12\/peswinservice.webp","type":"image\/webp"}],"twitter_card":"summary_large_image","twitter_misc":{"Ber\u00e4knad l\u00e4stid":"4 minuter"},"schema":{"@context":"https:\/\/schema.org","@graph":[{"@type":"WebPage","@id":"https:\/\/peswinservice.com\/sv\/peswin-oy\/","url":"https:\/\/peswinservice.com\/sv\/peswin-oy\/","name":"Peswin Oy - Peswin Service","isPartOf":{"@id":"https:\/\/peswinservice.com\/sv\/#website"},"primaryImageOfPage":{"@id":"https:\/\/peswinservice.com\/sv\/peswin-oy\/#primaryimage"},"image":{"@id":"https:\/\/peswinservice.com\/sv\/peswin-oy\/#primaryimage"},"thumbnailUrl":"https:\/\/peswinservice.com\/wp-content\/uploads\/2023\/12\/peswinservice.webp","datePublished":"2023-12-26T21:14:07+00:00","dateModified":"2026-02-06T12:51:49+00:00","breadcrumb":{"@id":"https:\/\/peswinservice.com\/sv\/peswin-oy\/#breadcrumb"},"inLanguage":"sv-SE","potentialAction":[{"@type":"ReadAction","target":["https:\/\/peswinservice.com\/sv\/peswin-oy\/"]}]},{"@type":"ImageObject","inLanguage":"sv-SE","@id":"https:\/\/peswinservice.com\/sv\/peswin-oy\/#primaryimage","url":"https:\/\/peswinservice.com\/wp-content\/uploads\/2023\/12\/peswinservice.webp","contentUrl":"https:\/\/peswinservice.com\/wp-content\/uploads\/2023\/12\/peswinservice.webp","width":1920,"height":1440},{"@type":"BreadcrumbList","@id":"https:\/\/peswinservice.com\/sv\/peswin-oy\/#breadcrumb","itemListElement":[{"@type":"ListItem","position":1,"name":"Etusivu","item":"https:\/\/peswinservice.com\/sv\/"},{"@type":"ListItem","position":2,"name":"Peswin Oy"}]},{"@type":"WebSite","@id":"https:\/\/peswinservice.com\/sv\/#website","url":"https:\/\/peswinservice.com\/sv\/","name":"Peswin Service","description":"Emme ota mit\u00e4\u00e4n kevyesti!","publisher":{"@id":"https:\/\/peswinservice.com\/sv\/#organization"},"potentialAction":[{"@type":"SearchAction","target":{"@type":"EntryPoint","urlTemplate":"https:\/\/peswinservice.com\/sv\/?s={search_term_string}"},"query-input":{"@type":"PropertyValueSpecification","valueRequired":true,"valueName":"search_term_string"}}],"inLanguage":"sv-SE"},{"@type":"Organization","@id":"https:\/\/peswinservice.com\/sv\/#organization","name":"Peswin Oy","url":"https:\/\/peswinservice.com\/sv\/","logo":{"@type":"ImageObject","inLanguage":"sv-SE","@id":"https:\/\/peswinservice.com\/sv\/#\/schema\/logo\/image\/","url":"https:\/\/peswinservice.com\/wp-content\/uploads\/2023\/12\/peswinlogovalkservice-02.webp","contentUrl":"https:\/\/peswinservice.com\/wp-content\/uploads\/2023\/12\/peswinlogovalkservice-02.webp","width":594,"height":160,"caption":"Peswin Oy"},"image":{"@id":"https:\/\/peswinservice.com\/sv\/#\/schema\/logo\/image\/"},"sameAs":["https:\/\/www.facebook.com\/peswinoy","https:\/\/www.instagram.com\/peswinservice\/?hl=fi"]}]}},"_links":{"self":[{"href":"https:\/\/peswinservice.com\/sv\/wp-json\/wp\/v2\/pages\/167","targetHints":{"allow":["GET"]}}],"collection":[{"href":"https:\/\/peswinservice.com\/sv\/wp-json\/wp\/v2\/pages"}],"about":[{"href":"https:\/\/peswinservice.com\/sv\/wp-json\/wp\/v2\/types\/page"}],"author":[{"embeddable":true,"href":"https:\/\/peswinservice.com\/sv\/wp-json\/wp\/v2\/users\/1"}],"replies":[{"embeddable":true,"href":"https:\/\/peswinservice.com\/sv\/wp-json\/wp\/v2\/comments?post=167"}],"version-history":[{"count":70,"href":"https:\/\/peswinservice.com\/sv\/wp-json\/wp\/v2\/pages\/167\/revisions"}],"predecessor-version":[{"id":836,"href":"https:\/\/peswinservice.com\/sv\/wp-json\/wp\/v2\/pages\/167\/revisions\/836"}],"wp:featuredmedia":[{"embeddable":true,"href":"https:\/\/peswinservice.com\/sv\/wp-json\/wp\/v2\/media\/403"}],"wp:attachment":[{"href":"https:\/\/peswinservice.com\/sv\/wp-json\/wp\/v2\/media?parent=167"}],"curies":[{"name":"wp","href":"https:\/\/api.w.org\/{rel}","templated":true}]}}