{"id":2,"date":"2016-05-10T03:48:21","date_gmt":"2016-05-10T03:48:21","guid":{"rendered":"https:\/\/peswinservice.com\/?page_id=2"},"modified":"2026-04-30T11:44:09","modified_gmt":"2026-04-30T08:44:09","slug":"sample-page","status":"publish","type":"page","link":"https:\/\/peswinservice.com\/sv\/","title":{"rendered":"Tervetuloa"},"content":{"rendered":"<div class=\"wpb-content-wrapper\"><p>[vc_row row_height_percent=&#8221;100&#8243; back_color=&#8221;color-wayh&#8221; overlay_color=&#8221;color-730530&#8243; overlay_alpha=&#8221;100&#8243; gutter_size=&#8221;3&#8243; column_width_percent=&#8221;100&#8243; shift_y=&#8221;0&#8243; z_index=&#8221;0&#8243; bottom_divider=&#8221;gradient&#8221; content_parallax=&#8221;0&#8243; uncode_shortcode_id=&#8221;538142&#8243; back_color_type=&#8221;uncode-palette&#8221; overlay_color_type=&#8221;uncode-palette&#8221;][vc_column column_width_use_pixel=&#8221;yes&#8221; position_vertical=&#8221;middle&#8221; align_horizontal=&#8221;align_center&#8221; gutter_size=&#8221;3&#8243; style=&#8221;dark&#8221; overlay_alpha=&#8221;50&#8243; shift_x=&#8221;0&#8243; shift_y=&#8221;0&#8243; shift_y_down=&#8221;0&#8243; z_index=&#8221;0&#8243; medium_width=&#8221;0&#8243; mobile_width=&#8221;0&#8243; width=&#8221;1\/1&#8243; uncode_shortcode_id=&#8221;271171&#8243; column_width_pixel=&#8221;900&#8243;][vc_custom_heading heading_semantic=&#8221;h1&#8243; text_size=&#8221;h1&#8243; text_transform=&#8221;uppercase&#8221; separator_color=&#8221;yes&#8221; separator=&#8221;yes&#8221; sub_lead=&#8221;yes&#8221; sub_reduced=&#8221;yes&#8221; uncode_shortcode_id=&#8221;112668&#8243; subheading=&#8221;Vain toimiva tehdas on h\u00e4iri\u00f6t\u00f6n ja tuloksentekokykyinen. Siksi me Peswinill\u00e4 emme ota mit\u00e4\u00e4n kevyesti.&#8221;]Liiketoiminnan kumppani[\/vc_custom_heading][vc_custom_heading heading_semantic=&#8221;h1&#8243; text_size=&#8221;h1&#8243; text_transform=&#8221;uppercase&#8221; separator_color=&#8221;yes&#8221; separator=&#8221;yes&#8221; sub_reduced=&#8221;yes&#8221; uncode_shortcode_id=&#8221;802158&#8243; subheading=&#8221;Esimerkiksi v\u00e4hent\u00e4m\u00e4ll\u00e4 laiterikkoja voit kasvattaa tuotannon tehokkuutta jopa 10-25 % (L\u00e4hde:IEEE)&#8221;][\/vc_custom_heading][\/vc_column][\/vc_row][vc_row row_height_percent=&#8221;0&#8243; override_padding=&#8221;yes&#8221; h_padding=&#8221;2&#8243; top_padding=&#8221;0&#8243; bottom_padding=&#8221;3&#8243; back_color=&#8221;color-851879&#8243; back_image=&#8221;84&#8243; back_repeat=&#8221;no-repeat&#8221; back_attachment=&#8221;scroll&#8221; back_position=&#8221;right bottom&#8221; overlay_color=&#8221;color-168588&#8243; overlay_alpha=&#8221;50&#8243; gutter_size=&#8221;3&#8243; column_width_percent=&#8221;100&#8243; shift_y=&#8221;0&#8243; z_index=&#8221;0&#8243; top_divider=&#8221;gradient&#8221; bottom_divider=&#8221;gradient&#8221; uncode_shortcode_id=&#8221;197233&#8243; back_color_type=&#8221;uncode-palette&#8221; overlay_color_type=&#8221;uncode-palette&#8221; back_size=&#8221;308px 257px&#8221;][vc_column column_width_percent=&#8221;100&#8243; align_horizontal=&#8221;align_center&#8221; gutter_size=&#8221;3&#8243; overlay_alpha=&#8221;50&#8243; shift_x=&#8221;0&#8243; shift_y=&#8221;-4&#8243; shift_y_fixed=&#8221;yes&#8221; shift_y_down=&#8221;0&#8243; z_index=&#8221;0&#8243; medium_width=&#8221;0&#8243; mobile_width=&#8221;0&#8243; width=&#8221;1\/1&#8243; uncode_shortcode_id=&#8221;170216&#8243;][vc_row_inner row_inner_height_percent=&#8221;0&#8243; overlay_alpha=&#8221;50&#8243; equal_height=&#8221;yes&#8221; gutter_size=&#8221;2&#8243; shift_y=&#8221;0&#8243; z_index=&#8221;1&#8243; uncode_shortcode_id=&#8221;124074&#8243;][vc_column_inner column_width_percent=&#8221;100&#8243; align_horizontal=&#8221;align_center&#8221; gutter_size=&#8221;2&#8243; override_padding=&#8221;yes&#8221; column_padding=&#8221;3&#8243; style=&#8221;dark&#8221; back_color=&#8221;color-851879&#8243; back_image=&#8221;44&#8243; overlay_color=&#8221;color-jevc&#8221; overlay_alpha=&#8221;75&#8243; radius=&#8221;xs&#8221; shadow=&#8221;std&#8221; border_color=&#8221;color-716941&#8243; border_style=&#8221;solid&#8221; shift_x=&#8221;0&#8243; shift_y=&#8221;0&#8243; shift_y_down=&#8221;0&#8243; z_index=&#8221;0&#8243; medium_width=&#8221;3&#8243; mobile_width=&#8221;0&#8243; css_animation=&#8221;bottom-t-top&#8221; shadow_hover=&#8221;yes&#8221; shadow_hover_weight=&#8221;std&#8221; width=&#8221;1\/3&#8243; link_to=&#8221;url:https%3A%2F%2Fpeswinservice.com%2Fpalvelut%2F%23huoltotyot|title:Huoltoty%C3%B6t&#8221; uncode_shortcode_id=&#8221;467220&#8243; back_color_type=&#8221;uncode-palette&#8221; css=&#8221;.vc_custom_1703637940612{border-bottom-width: 6px !important;}&#8221; border_color_type=&#8221;uncode-palette&#8221; overlay_color_type=&#8221;uncode-palette&#8221; el_class=&#8221;columnLink&#8221;][vc_single_image media=&#8221;483&#8243; media_width_use_pixel=&#8221;yes&#8221; alignment=&#8221;center&#8221; uncode_shortcode_id=&#8221;917237&#8243; media_width_pixel=&#8221;100&#8243;][vc_column_text uncode_shortcode_id=&#8221;134258&#8243;]<\/p>\n<h3>MEKAANINEN KUNNOSSAPITO<\/h3>\n<p>Toteutamme teollisuuden huoltotarpeet yksitt\u00e4isest\u00e4 laakeroinnista kokonaisiin huoltoseisakkeihin. Toimimme teollisuuden kunnossapidon kumppanina ja tarjoamme r\u00e4\u00e4t\u00e4l\u00f6ityj\u00e4 ratkaisuja asiakkaiden huoltotarpeisiin.[\/vc_column_text][\/vc_column_inner][vc_column_inner column_width_percent=&#8221;100&#8243; align_horizontal=&#8221;align_center&#8221; gutter_size=&#8221;2&#8243; override_padding=&#8221;yes&#8221; column_padding=&#8221;3&#8243; style=&#8221;dark&#8221; back_color=&#8221;color-851879&#8243; back_image=&#8221;480&#8243; overlay_color=&#8221;color-jevc&#8221; overlay_alpha=&#8221;75&#8243; radius=&#8221;xs&#8221; shadow=&#8221;std&#8221; preserve_border=&#8221;yes&#8221; preserve_border_tablet=&#8221;yes&#8221; preserve_border_mobile=&#8221;yes&#8221; border_color=&#8221;color-716941&#8243; border_style=&#8221;solid&#8221; shift_x=&#8221;0&#8243; shift_y=&#8221;0&#8243; shift_y_down=&#8221;0&#8243; z_index=&#8221;0&#8243; medium_width=&#8221;3&#8243; mobile_width=&#8221;0&#8243; css_animation=&#8221;bottom-t-top&#8221; shadow_hover=&#8221;yes&#8221; shadow_hover_weight=&#8221;std&#8221; width=&#8221;1\/3&#8243; uncode_shortcode_id=&#8221;935950&#8243; back_color_type=&#8221;uncode-palette&#8221; css=&#8221;.vc_custom_1738058531959{border-bottom-width: 6px !important;}&#8221; border_color_type=&#8221;uncode-palette&#8221; overlay_color_type=&#8221;uncode-palette&#8221; el_class=&#8221;columnLink&#8221; link_to=&#8221;url:https%3A%2F%2Fpeswinservice.com%2Fpalvelut%2F%23asennustyot|title:Asennusty%C3%B6t&#8221;][vc_single_image media=&#8221;484&#8243; media_width_use_pixel=&#8221;yes&#8221; alignment=&#8221;center&#8221; uncode_shortcode_id=&#8221;185427&#8243; media_width_pixel=&#8221;100&#8243;][vc_column_text uncode_shortcode_id=&#8221;465565&#8243;]<\/p>\n<h3>ASIANTUNTIJAPALVELUT<\/h3>\n<p>Tarkastamme laitteistosi sovitulla laajuudella ja raportoimme sen kunnon sek\u00e4 kulumisen aiheuttamat muutokset kattavasti. Laadimme tarkastuksen pohjalta my\u00f6s huoltoennusteen.[\/vc_column_text][\/vc_column_inner][vc_column_inner column_width_percent=&#8221;100&#8243; align_horizontal=&#8221;align_center&#8221; gutter_size=&#8221;2&#8243; override_padding=&#8221;yes&#8221; column_padding=&#8221;3&#8243; style=&#8221;dark&#8221; back_color=&#8221;color-851879&#8243; back_image=&#8221;42&#8243; overlay_color=&#8221;color-jevc&#8221; overlay_alpha=&#8221;75&#8243; radius=&#8221;xs&#8221; shadow=&#8221;std&#8221; border_color=&#8221;color-716941&#8243; border_style=&#8221;solid&#8221; shift_x=&#8221;0&#8243; shift_y=&#8221;0&#8243; shift_y_down=&#8221;0&#8243; z_index=&#8221;0&#8243; medium_width=&#8221;3&#8243; mobile_width=&#8221;0&#8243; css_animation=&#8221;bottom-t-top&#8221; shadow_hover=&#8221;yes&#8221; shadow_hover_weight=&#8221;std&#8221; width=&#8221;1\/3&#8243; uncode_shortcode_id=&#8221;794262&#8243; back_color_type=&#8221;uncode-palette&#8221; css=&#8221;.vc_custom_1703872885788{border-bottom-width: 6px !important;}&#8221; border_color_type=&#8221;uncode-palette&#8221; overlay_color_type=&#8221;uncode-palette&#8221; el_class=&#8221;columnLink&#8221; link_to=&#8221;url:https%3A%2F%2Fpeswinservice.com%2Fpalvelut%2F%23purkutyot|title:Purkuty%C3%B6t&#8221;][vc_single_image media=&#8221;482&#8243; media_width_use_pixel=&#8221;yes&#8221; alignment=&#8221;center&#8221; uncode_shortcode_id=&#8221;638923&#8243; media_width_pixel=&#8221;100&#8243;][vc_column_text uncode_shortcode_id=&#8221;131188&#8243;]<\/p>\n<h3>KIERR\u00c4TYS<\/h3>\n<p>Puramme ja kierr\u00e4t\u00e4mme teollisuuden laitteet. Teemme linjastosiirtoja, jolloin laitteiston k\u00e4ytt\u00f6ik\u00e4 pitenee. Tarjoamme kierr\u00e4tetyst\u00e4 materiaalista hyvityksen.[\/vc_column_text][\/vc_column_inner][\/vc_row_inner][vc_row_inner][vc_column_inner column_width_percent=&#8221;100&#8243; align_horizontal=&#8221;align_center&#8221; gutter_size=&#8221;3&#8243; overlay_alpha=&#8221;50&#8243; shift_x=&#8221;0&#8243; shift_y=&#8221;0&#8243; shift_y_down=&#8221;0&#8243; z_index=&#8221;2&#8243; medium_width=&#8221;0&#8243; mobile_width=&#8221;0&#8243; width=&#8221;1\/1&#8243; uncode_shortcode_id=&#8221;130321&#8243;][vc_button button_color=&#8221;accent&#8221; border_width=&#8221;0&#8243; link=&#8221;url:https%3A%2F%2Fpeswinservice.com%2Fpalvelut%2F|title:Palvelut&#8221; button_color_type=&#8221;uncode-palette&#8221; uncode_shortcode_id=&#8221;479669&#8243;]Lue lis\u00e4\u00e4 palveluista[\/vc_button][\/vc_column_inner][\/vc_row_inner][\/vc_column][\/vc_row][vc_row row_height_percent=&#8221;0&#8243; override_padding=&#8221;yes&#8221; h_padding=&#8221;2&#8243; top_padding=&#8221;3&#8243; bottom_padding=&#8221;3&#8243; back_color=&#8221;color-936510&#8243; overlay_color=&#8221;color-168588&#8243; overlay_alpha=&#8221;50&#8243; gutter_size=&#8221;4&#8243; column_width_percent=&#8221;100&#8243; shift_y=&#8221;0&#8243; z_index=&#8221;0&#8243; uncode_shortcode_id=&#8221;162197&#8243; back_color_type=&#8221;uncode-palette&#8221; overlay_color_type=&#8221;uncode-palette&#8221;][vc_column column_width_percent=&#8221;100&#8243; gutter_size=&#8221;3&#8243; overlay_alpha=&#8221;50&#8243; shift_x=&#8221;0&#8243; shift_y=&#8221;0&#8243; shift_y_down=&#8221;0&#8243; z_index=&#8221;0&#8243; medium_width=&#8221;4&#8243; mobile_width=&#8221;0&#8243; width=&#8221;1\/2&#8243; el_class=&#8221;inverted-device-order&#8221;][vc_single_image media=&#8221;492&#8243; media_width_percent=&#8221;100&#8243; media_ratio=&#8221;one-one&#8221; alignment=&#8221;right&#8221; uncode_shortcode_id=&#8221;459150&#8243;][\/vc_column][vc_column column_width_percent=&#8221;100&#8243; position_horizontal=&#8221;left&#8221; position_vertical=&#8221;middle&#8221; gutter_size=&#8221;3&#8243; style=&#8221;dark&#8221; overlay_alpha=&#8221;50&#8243; shift_x=&#8221;0&#8243; shift_y=&#8221;0&#8243; shift_y_down=&#8221;0&#8243; z_index=&#8221;0&#8243; medium_width=&#8221;4&#8243; mobile_width=&#8221;0&#8243; width=&#8221;1\/2&#8243;][vc_custom_heading heading_semantic=&#8221;h3&#8243; separator_color=&#8221;yes&#8221; separator=&#8221;yes&#8221; sub_lead=&#8221;yes&#8221; subheading=&#8221;P\u00e4\u00e4tavoitteenamme on huolehtia suomalaisesta teollisuudesta ja tehtaista, sek\u00e4 tuottaa osaamista niiden kunnossapitoon!&#8221; uncode_shortcode_id=&#8221;158036&#8243;]Peswin Service[\/vc_custom_heading][vc_column_text uncode_shortcode_id=&#8221;175361&#8243;]Tarjoamme asiakkaillemme osaamista ja asiantuntijuutta teollisuuden mekaaniseen kunnossapitoon, tuotteiden valmistukseen ja mekaniikka-asennuksiin. P\u00e4\u00e4tuotteemme on asiakkaan kohteessa tapahtuva ty\u00f6. Haluamme turvata suomalaista teollisuutta ja asiakkaamme liiketoimintaa tekem\u00e4ll\u00e4 kaikkemme sen eteen, ett\u00e4 tuotantolaitteistojen h\u00e4iri\u00f6tt\u00f6myys turvataan kaikissa olosuhteissa ja niiden k\u00e4ytt\u00f6ik\u00e4 pitenee. Toteutamme toimeksiannot todistetusti mutkattomalla palveluasenteella ja sujuvalla yhteisty\u00f6otteella.[\/vc_column_text][\/vc_column][\/vc_row][vc_row][vc_column width=&#8221;1\/1&#8243;][uncode_block id=&#8221;317&#8243;][\/vc_column][\/vc_row]<\/p>\n<\/div>","protected":false},"excerpt":{"rendered":"<p>Peswin Oy on perustettu Limingassa vuonna 2019.<br \/>\nP\u00e4\u00e4toimialana on teollisuuden kunnossapito, asennus ja hitsausty\u00f6t.<\/p>\n","protected":false},"author":1,"featured_media":403,"parent":0,"menu_order":0,"comment_status":"closed","ping_status":"open","template":"","meta":{"footnotes":""},"class_list":["post-2","page","type-page","status-publish","has-post-thumbnail","hentry"],"yoast_head":"<!-- This site is optimized with the Yoast SEO plugin v26.9 - https:\/\/yoast.com\/product\/yoast-seo-wordpress\/ -->\n<title>Teollisuuden kunnossapito ja asennus | Peswin Oy<\/title>\n<meta name=\"description\" content=\"Teollisuuden kunnossapidon ja asennuksen ammattilainen. Palvelemme koko Suomea Limingasta k\u00e4sin. Peswin Oy \u2013 emme ota mit\u00e4\u00e4n kevyesti!\" \/>\n<meta name=\"robots\" content=\"index, follow, max-snippet:-1, max-image-preview:large, max-video-preview:-1\" \/>\n<link rel=\"canonical\" href=\"https:\/\/peswinservice.com\/sv\/\" \/>\n<meta property=\"og:locale\" content=\"sv_SE\" \/>\n<meta property=\"og:type\" content=\"article\" \/>\n<meta property=\"og:title\" content=\"Teollisuuden kunnossapito ja asennus | Peswin Oy\" \/>\n<meta property=\"og:description\" content=\"Teollisuuden kunnossapidon ja asennuksen ammattilainen. Palvelemme koko Suomea Limingasta k\u00e4sin. Peswin Oy \u2013 emme ota mit\u00e4\u00e4n kevyesti!\" \/>\n<meta property=\"og:url\" content=\"https:\/\/peswinservice.com\/sv\/\" \/>\n<meta property=\"og:site_name\" content=\"Peswin Service\" \/>\n<meta property=\"article:publisher\" content=\"https:\/\/www.facebook.com\/peswinoy\" \/>\n<meta property=\"article:modified_time\" content=\"2026-04-30T08:44:09+00:00\" \/>\n<meta property=\"og:image\" content=\"https:\/\/peswinservice.com\/wp-content\/uploads\/2023\/12\/peswinservice.webp\" \/>\n\t<meta property=\"og:image:width\" content=\"1920\" \/>\n\t<meta property=\"og:image:height\" content=\"1440\" \/>\n\t<meta property=\"og:image:type\" content=\"image\/webp\" \/>\n<meta name=\"twitter:card\" content=\"summary_large_image\" \/>\n<meta name=\"twitter:label1\" content=\"Ber\u00e4knad l\u00e4stid\" \/>\n\t<meta name=\"twitter:data1\" content=\"3 minuter\" \/>\n<script type=\"application\/ld+json\" class=\"yoast-schema-graph\">{\"@context\":\"https:\/\/schema.org\",\"@graph\":[{\"@type\":\"WebPage\",\"@id\":\"https:\/\/peswinservice.com\/sv\/\",\"url\":\"https:\/\/peswinservice.com\/sv\/\",\"name\":\"Teollisuuden kunnossapito ja asennus | Peswin Oy\",\"isPartOf\":{\"@id\":\"https:\/\/peswinservice.com\/sv\/#website\"},\"primaryImageOfPage\":{\"@id\":\"https:\/\/peswinservice.com\/sv\/#primaryimage\"},\"image\":{\"@id\":\"https:\/\/peswinservice.com\/sv\/#primaryimage\"},\"thumbnailUrl\":\"https:\/\/peswinservice.com\/wp-content\/uploads\/2023\/12\/peswinservice.webp\",\"datePublished\":\"2016-05-10T03:48:21+00:00\",\"dateModified\":\"2026-04-30T08:44:09+00:00\",\"description\":\"Teollisuuden kunnossapidon ja asennuksen ammattilainen. Palvelemme koko Suomea Limingasta k\u00e4sin. Peswin Oy \u2013 emme ota mit\u00e4\u00e4n kevyesti!\",\"breadcrumb\":{\"@id\":\"https:\/\/peswinservice.com\/sv\/#breadcrumb\"},\"inLanguage\":\"sv-SE\",\"potentialAction\":[{\"@type\":\"ReadAction\",\"target\":[\"https:\/\/peswinservice.com\/sv\/\"]}]},{\"@type\":\"ImageObject\",\"inLanguage\":\"sv-SE\",\"@id\":\"https:\/\/peswinservice.com\/sv\/#primaryimage\",\"url\":\"https:\/\/peswinservice.com\/wp-content\/uploads\/2023\/12\/peswinservice.webp\",\"contentUrl\":\"https:\/\/peswinservice.com\/wp-content\/uploads\/2023\/12\/peswinservice.webp\",\"width\":1920,\"height\":1440,\"caption\":\"teollisuuspalvelut\"},{\"@type\":\"BreadcrumbList\",\"@id\":\"https:\/\/peswinservice.com\/sv\/#breadcrumb\",\"itemListElement\":[{\"@type\":\"ListItem\",\"position\":1,\"name\":\"Etusivu\",\"item\":\"https:\/\/peswinservice.com\/sv\/\"},{\"@type\":\"ListItem\",\"position\":2,\"name\":\"Tervetuloa\"}]},{\"@type\":\"WebSite\",\"@id\":\"https:\/\/peswinservice.com\/sv\/#website\",\"url\":\"https:\/\/peswinservice.com\/sv\/\",\"name\":\"Peswin Service\",\"description\":\"Emme ota mit\u00e4\u00e4n kevyesti!\",\"publisher\":{\"@id\":\"https:\/\/peswinservice.com\/sv\/#organization\"},\"potentialAction\":[{\"@type\":\"SearchAction\",\"target\":{\"@type\":\"EntryPoint\",\"urlTemplate\":\"https:\/\/peswinservice.com\/sv\/?s={search_term_string}\"},\"query-input\":{\"@type\":\"PropertyValueSpecification\",\"valueRequired\":true,\"valueName\":\"search_term_string\"}}],\"inLanguage\":\"sv-SE\"},{\"@type\":\"Organization\",\"@id\":\"https:\/\/peswinservice.com\/sv\/#organization\",\"name\":\"Peswin Oy\",\"url\":\"https:\/\/peswinservice.com\/sv\/\",\"logo\":{\"@type\":\"ImageObject\",\"inLanguage\":\"sv-SE\",\"@id\":\"https:\/\/peswinservice.com\/sv\/#\/schema\/logo\/image\/\",\"url\":\"https:\/\/peswinservice.com\/wp-content\/uploads\/2023\/12\/peswinlogovalkservice-02.webp\",\"contentUrl\":\"https:\/\/peswinservice.com\/wp-content\/uploads\/2023\/12\/peswinlogovalkservice-02.webp\",\"width\":594,\"height\":160,\"caption\":\"Peswin Oy\"},\"image\":{\"@id\":\"https:\/\/peswinservice.com\/sv\/#\/schema\/logo\/image\/\"},\"sameAs\":[\"https:\/\/www.facebook.com\/peswinoy\",\"https:\/\/www.instagram.com\/peswinservice\/?hl=fi\"]}]}<\/script>\n<!-- \/ Yoast SEO plugin. -->","yoast_head_json":{"title":"Teollisuuden kunnossapito ja asennus | Peswin Oy","description":"Teollisuuden kunnossapidon ja asennuksen ammattilainen. Palvelemme koko Suomea Limingasta k\u00e4sin. Peswin Oy \u2013 emme ota mit\u00e4\u00e4n kevyesti!","robots":{"index":"index","follow":"follow","max-snippet":"max-snippet:-1","max-image-preview":"max-image-preview:large","max-video-preview":"max-video-preview:-1"},"canonical":"https:\/\/peswinservice.com\/sv\/","og_locale":"sv_SE","og_type":"article","og_title":"Teollisuuden kunnossapito ja asennus | Peswin Oy","og_description":"Teollisuuden kunnossapidon ja asennuksen ammattilainen. Palvelemme koko Suomea Limingasta k\u00e4sin. Peswin Oy \u2013 emme ota mit\u00e4\u00e4n kevyesti!","og_url":"https:\/\/peswinservice.com\/sv\/","og_site_name":"Peswin Service","article_publisher":"https:\/\/www.facebook.com\/peswinoy","article_modified_time":"2026-04-30T08:44:09+00:00","og_image":[{"width":1920,"height":1440,"url":"https:\/\/peswinservice.com\/wp-content\/uploads\/2023\/12\/peswinservice.webp","type":"image\/webp"}],"twitter_card":"summary_large_image","twitter_misc":{"Ber\u00e4knad l\u00e4stid":"3 minuter"},"schema":{"@context":"https:\/\/schema.org","@graph":[{"@type":"WebPage","@id":"https:\/\/peswinservice.com\/sv\/","url":"https:\/\/peswinservice.com\/sv\/","name":"Teollisuuden kunnossapito ja asennus | Peswin Oy","isPartOf":{"@id":"https:\/\/peswinservice.com\/sv\/#website"},"primaryImageOfPage":{"@id":"https:\/\/peswinservice.com\/sv\/#primaryimage"},"image":{"@id":"https:\/\/peswinservice.com\/sv\/#primaryimage"},"thumbnailUrl":"https:\/\/peswinservice.com\/wp-content\/uploads\/2023\/12\/peswinservice.webp","datePublished":"2016-05-10T03:48:21+00:00","dateModified":"2026-04-30T08:44:09+00:00","description":"Teollisuuden kunnossapidon ja asennuksen ammattilainen. Palvelemme koko Suomea Limingasta k\u00e4sin. Peswin Oy \u2013 emme ota mit\u00e4\u00e4n kevyesti!","breadcrumb":{"@id":"https:\/\/peswinservice.com\/sv\/#breadcrumb"},"inLanguage":"sv-SE","potentialAction":[{"@type":"ReadAction","target":["https:\/\/peswinservice.com\/sv\/"]}]},{"@type":"ImageObject","inLanguage":"sv-SE","@id":"https:\/\/peswinservice.com\/sv\/#primaryimage","url":"https:\/\/peswinservice.com\/wp-content\/uploads\/2023\/12\/peswinservice.webp","contentUrl":"https:\/\/peswinservice.com\/wp-content\/uploads\/2023\/12\/peswinservice.webp","width":1920,"height":1440,"caption":"teollisuuspalvelut"},{"@type":"BreadcrumbList","@id":"https:\/\/peswinservice.com\/sv\/#breadcrumb","itemListElement":[{"@type":"ListItem","position":1,"name":"Etusivu","item":"https:\/\/peswinservice.com\/sv\/"},{"@type":"ListItem","position":2,"name":"Tervetuloa"}]},{"@type":"WebSite","@id":"https:\/\/peswinservice.com\/sv\/#website","url":"https:\/\/peswinservice.com\/sv\/","name":"Peswin Service","description":"Emme ota mit\u00e4\u00e4n kevyesti!","publisher":{"@id":"https:\/\/peswinservice.com\/sv\/#organization"},"potentialAction":[{"@type":"SearchAction","target":{"@type":"EntryPoint","urlTemplate":"https:\/\/peswinservice.com\/sv\/?s={search_term_string}"},"query-input":{"@type":"PropertyValueSpecification","valueRequired":true,"valueName":"search_term_string"}}],"inLanguage":"sv-SE"},{"@type":"Organization","@id":"https:\/\/peswinservice.com\/sv\/#organization","name":"Peswin Oy","url":"https:\/\/peswinservice.com\/sv\/","logo":{"@type":"ImageObject","inLanguage":"sv-SE","@id":"https:\/\/peswinservice.com\/sv\/#\/schema\/logo\/image\/","url":"https:\/\/peswinservice.com\/wp-content\/uploads\/2023\/12\/peswinlogovalkservice-02.webp","contentUrl":"https:\/\/peswinservice.com\/wp-content\/uploads\/2023\/12\/peswinlogovalkservice-02.webp","width":594,"height":160,"caption":"Peswin Oy"},"image":{"@id":"https:\/\/peswinservice.com\/sv\/#\/schema\/logo\/image\/"},"sameAs":["https:\/\/www.facebook.com\/peswinoy","https:\/\/www.instagram.com\/peswinservice\/?hl=fi"]}]}},"_links":{"self":[{"href":"https:\/\/peswinservice.com\/sv\/wp-json\/wp\/v2\/pages\/2","targetHints":{"allow":["GET"]}}],"collection":[{"href":"https:\/\/peswinservice.com\/sv\/wp-json\/wp\/v2\/pages"}],"about":[{"href":"https:\/\/peswinservice.com\/sv\/wp-json\/wp\/v2\/types\/page"}],"author":[{"embeddable":true,"href":"https:\/\/peswinservice.com\/sv\/wp-json\/wp\/v2\/users\/1"}],"replies":[{"embeddable":true,"href":"https:\/\/peswinservice.com\/sv\/wp-json\/wp\/v2\/comments?post=2"}],"version-history":[{"count":57,"href":"https:\/\/peswinservice.com\/sv\/wp-json\/wp\/v2\/pages\/2\/revisions"}],"predecessor-version":[{"id":549,"href":"https:\/\/peswinservice.com\/sv\/wp-json\/wp\/v2\/pages\/2\/revisions\/549"}],"wp:featuredmedia":[{"embeddable":true,"href":"https:\/\/peswinservice.com\/sv\/wp-json\/wp\/v2\/media\/403"}],"wp:attachment":[{"href":"https:\/\/peswinservice.com\/sv\/wp-json\/wp\/v2\/media?parent=2"}],"curies":[{"name":"wp","href":"https:\/\/api.w.org\/{rel}","templated":true}]}}