{"id":284,"date":"2023-12-27T02:27:02","date_gmt":"2023-12-27T00:27:02","guid":{"rendered":"https:\/\/peswinservice.com\/?page_id=284"},"modified":"2023-12-27T02:43:33","modified_gmt":"2023-12-27T00:43:33","slug":"tietosuojaseloste","status":"publish","type":"page","link":"https:\/\/peswinservice.com\/sv\/tietosuojaseloste\/","title":{"rendered":"Tietosuojaseloste"},"content":{"rendered":"<h3 class=\"text-align-left\">1. REKISTERINPIT\u00c4J\u00c4<\/h3>\n<p class=\"content-ingress\">Peswin Oy<\/p>\n<h4 class=\"content-ingress text-align-left\">YHTEYSTIEDOT<\/h4>\n<p class=\"content-ingress\">Kuormatie 17 B1<br \/>\nLiminka<br \/>\n0400 272636<br \/>\nToimisto@peswinservice.com<\/p>\n<h4 class=\"content-ingress text-align-left\">REKISTERIST\u00c4 VASTAAVA HENKIL\u00d6<strong><br \/>\n<\/strong><\/h4>\n<p class=\"content-ingress\">Tuomas Pellikka<br \/>\n0400 272636<br \/>\ntuomas.pellikka@peswinservice.com<\/p>\n<h3 class=\"text-align-left\">2. REKISTER\u00d6IDYT<\/h3>\n<ul>\n<li>Asiakkaat<\/li>\n<li>Potentiaaliset asiakkaat<\/li>\n<\/ul>\n<h3 class=\"text-align-left\">3. HENKIL\u00d6TIETOJEN K\u00c4YTT\u00d6TARKOITUS<\/h3>\n<p>Peswin Oy asiakasrekistereihin tallennettuja henkil\u00f6tietoa k\u00e4ytet\u00e4\u00e4n asiakassuhteen hoitamiseen, palveluiden kertomiseen, markkinointitarkoitukseen sek\u00e4 yrityksen palveluiden ja muiden toimintojen kehitt\u00e4miseen \/ suunnitteluun sek\u00e4 vastaaviin tarkoituksiin.<\/p>\n<h3 class=\"text-align-left\">4. REKISTERIIN TALLENNETTAVAT HENKIL\u00d6TIEDOT<\/h3>\n<p>Asiakasrekisteri sis\u00e4lt\u00e4\u00e4 seuraavat tiedot:<\/p>\n<h4 class=\"text-align-left\">YHTEYSTIEDOT<\/h4>\n<ul>\n<li>Nimi<\/li>\n<li>Osoite<\/li>\n<li>S\u00e4hk\u00f6posti<\/li>\n<li>Puhelin<\/li>\n<\/ul>\n<h4 class=\"text-align-left\">ASIAKASTIEDOT<\/h4>\n<p>Tiedot ostetuista tuotteista \/ palveluista<\/p>\n<h3 class=\"text-align-left\">5. REKISTER\u00d6IDYN OIKEUDET<\/h3>\n<p>Rekister\u00f6idyll\u00e4 on seuraavat oikeudet, joiden k\u00e4ytt\u00e4mist\u00e4 koskevat pyynn\u00f6t tulee tehd\u00e4 osoitteeseen toimisto@peswinservice.com<\/p>\n<h4 class=\"text-align-left\">TARKASTUSOIKEUS<\/h4>\n<p>Rekister\u00f6ity voi tarkistaa tallentamamme henkil\u00f6tiedot.<\/p>\n<h4 class=\"text-align-left\">OIKEUS TIETOJEN OIKAISEMISEEN<\/h4>\n<p>Rekister\u00f6ity voi pyyt\u00e4\u00e4 oikaisemaan h\u00e4nt\u00e4 koskevat virheelliset tai puutteelliset tiedot.<\/p>\n<h4 class=\"text-align-left\">VASTUSTAMISOIKEUS<\/h4>\n<p>Rekister\u00f6ity voi vastustaa henkil\u00f6tietojen k\u00e4sittely\u00e4, mik\u00e4li kokee, ett\u00e4 henkil\u00f6tietoja on k\u00e4sitelty lainvastaisesti.<\/p>\n<h4 class=\"text-align-left\">SUORAMARKKINOINTIKIELTO<\/h4>\n<p>Rekister\u00f6idyll\u00e4 on oikeus kielt\u00e4\u00e4 tietojen k\u00e4ytt\u00e4minen suoramarkkinointiin.<\/p>\n<h4 class=\"text-align-left\">POISTO-OIKEUS<\/h4>\n<p>Rekister\u00f6idyll\u00e4 on oikeus pyyt\u00e4\u00e4 tietojen poistamista, jos tietojen k\u00e4sittely ei ole tarpeen. K\u00e4sittelemme poistopyynn\u00f6n, jonka j\u00e4lkeen joko poistamme tiedot tai ilmoitamme perustellun syyn, miksi tietoja ei voida poistaa.<\/p>\n<p>On huomioitava, ett\u00e4 rekisterinpit\u00e4j\u00e4ll\u00e4 voi olla lakis\u00e4\u00e4teinen tai muu oikeus olla poistamatta pyydetty\u00e4 tietoa. Rekisterinpit\u00e4j\u00e4ll\u00e4 on velvollisuus s\u00e4ilytt\u00e4\u00e4 kirjanpitoaineisto Kirjanpitolaissa (luku 2, 10 \u00a7) m\u00e4\u00e4ritellyn ajan (10 vuotta) mukaisesti. T\u00e4m\u00e4n vuoksi kirjanpitoon liittyv\u00e4\u00e4 aineistoa ei voida poistaa ennen m\u00e4\u00e4r\u00e4ajan umpeutumista.<\/p>\n<h4 class=\"text-align-left\">SUOSTUMUKSEN PERUUTTAMINEN<\/h4>\n<p>Jos rekister\u00f6ity\u00e4 koskeva henkil\u00f6tietojen k\u00e4sittely perustuu ainoastaan suostumukseen, eik\u00e4 esim. asiakkuuteen tai j\u00e4senyyteen, voi rekister\u00f6ity peruuttaa suostumuksen.<\/p>\n<p>Rekister\u00f6ity voi valittaa p\u00e4\u00e4t\u00f6ksest\u00e4 tietosuojavaltuutetulle<\/p>\n<p>Rekister\u00f6idyll\u00e4 on oikeus vaatia, ett\u00e4 rajoitamme kiistanalaisten tietojen k\u00e4sittely\u00e4 siksi aikaa, kunnes asia saadaan ratkaistua.<\/p>\n<h4 class=\"text-align-left\">VALITUSOIKEUS<\/h4>\n<p>Rekister\u00f6idyll\u00e4 on oikeus tehd\u00e4 valitus tietosuojavaltuutetulle kantelu, jos h\u00e4n kokee, ett\u00e4 rikomme henkil\u00f6tietoja k\u00e4sitelless\u00e4mme voimassa olevaa tietosuojalains\u00e4\u00e4d\u00e4nt\u00f6\u00e4.<br \/>\nTietosuojavaltuutetun yhteystiedot: www.tietosuoja.fi\/fi\/index\/yhteystiedot.html<\/p>\n<h3 class=\"text-align-left\">6. S\u00c4\u00c4NN\u00d6NMUKAISET TIETOL\u00c4HTEET<\/h3>\n<p>Henkil\u00f6tietoja ker\u00e4t\u00e4\u00e4n asiakkaalta itselt\u00e4\u00e4n asiakkaansuhteen syntyess\u00e4 sek\u00e4 rekisteripit\u00e4j\u00e4n j\u00e4rjestelmist\u00e4 palveluihin verkkolomakkeiden kautta. Lis\u00e4ksi p\u00e4ivitet\u00e4\u00e4n viranomaisl\u00e4hteist\u00e4 tai muilta palveluntarjoajilta, mill\u00e4 varmistetaan tiedon ajantasaisuuden.<\/p>\n<h3 class=\"text-align-left\">7. S\u00c4\u00c4NN\u00d6NMUKAISET TIETOJEN LUOVUTUKSET<\/h3>\n<p>Tietoja ei p\u00e4\u00e4s\u00e4\u00e4nt\u00f6isesti luovuteta markkinointitarkoituksiin PESWIN OY:n ja sen j\u00e4senliikkeiden ulkopuolelle.<\/p>\n<h3 class=\"text-align-left\">8. K\u00c4SITTELYN KESTO<\/h3>\n<p>Henkil\u00f6tietoja k\u00e4sitell\u00e4\u00e4n p\u00e4\u00e4s\u00e4\u00e4nt\u00f6isesti niin kauan, kuin asiakkuus on voimassa. Markkinointilistaltamme rekister\u00f6ity p\u00e4\u00e4see poistumaan itse jokaisessa l\u00e4hett\u00e4m\u00e4ss\u00e4mme markkinointis\u00e4hk\u00f6postissamme olevan linkin kautta taikka l\u00e4hett\u00e4m\u00e4ll\u00e4 viestin osoitteeseen: toimisto@peswinservice.com<\/p>\n<h3 class=\"text-align-left\">9. HENKIL\u00d6TIETOJEN K\u00c4SITTELIJ\u00c4T<\/h3>\n<p>Rekisterinpit\u00e4j\u00e4 ja t\u00e4m\u00e4n ty\u00f6ntekij\u00e4t k\u00e4sittelev\u00e4t henkil\u00f6tietoja. Voimme my\u00f6s ulkoistaa henkil\u00f6tietojen k\u00e4sittelyn osittain kolmannelle osapuolelle, jolloin takaamme sopimusj\u00e4rjestelyin, ett\u00e4 henkil\u00f6tietoja k\u00e4sitell\u00e4\u00e4n voimassa olevan tietosuojalains\u00e4\u00e4d\u00e4nn\u00f6n mukaisesti ja muutoin asianmukaisesti.<\/p>\n<h3 class=\"text-align-left\">10. TIETOJEN SIIRTO EU:N ULKOPUOLELLE<\/h3>\n<p>Henkil\u00f6tietoja ei siirret\u00e4 EU:n tai Euroopan talousalueen ulkopuolelle.<\/p>\n<h3 class=\"text-align-left\">11. AUTOMAATTINEN P\u00c4\u00c4T\u00d6KSENTEKO JA PROFILOINTI<\/h3>\n<p>Emme k\u00e4yt\u00e4 tietoja automaattiseen p\u00e4\u00e4t\u00f6ksentekoon tai profilointiin.<\/p>\n<h3 class=\"text-align-left\">12. EV\u00c4STEET JA SELAILUN SEURANTA<\/h3>\n<p>Ker\u00e4\u00e4mme k\u00e4ytt\u00e4j\u00e4n p\u00e4\u00e4telaitetta koskevia tietoja ev\u00e4steiden (\u201dcookies\u201d) ja muiden vastaavien tekniikoiden, kuten selaimen paikallisen tietovaraston, avulla. Ev\u00e4ste on pieni tekstitiedosto, jonka selain tallentaa k\u00e4ytt\u00e4j\u00e4n p\u00e4\u00e4telaitteelle. Ev\u00e4steet sis\u00e4lt\u00e4v\u00e4t usein nimett\u00f6m\u00e4n, yksil\u00f6llisen tunnisteen, jonka avulla voimme tunnistaa ja laskea sivustollamme vierailevat selaimet.<\/p>\n<p>Sivustomme k\u00e4ytt\u00e4\u00e4 Google Analytics-palvelua.<\/p>\n<p>Sivuillamme on my\u00f6s linkkej\u00e4 muihin sivustoihin ja palveluihin. Me emme vastaa n\u00e4iden ulkopuolisten sivustojen yksityisyydensuojak\u00e4yt\u00e4nn\u00f6ist\u00e4 tai sis\u00e4ll\u00f6ist\u00e4. Kolmannet osapuolet voivat asettaa ev\u00e4steit\u00e4 k\u00e4ytt\u00e4j\u00e4n p\u00e4\u00e4telaitteelle k\u00e4ytt\u00e4j\u00e4n vieraillessa palveluissamme tilastoidakseen eri sivustojen k\u00e4vij\u00e4m\u00e4\u00e4ri\u00e4.<\/p>\n","protected":false},"excerpt":{"rendered":"<p>Peswin Oy asiakasrekistereihin tallennettuja henkil\u00f6tietoa k\u00e4ytet\u00e4\u00e4n asiakassuhteen hoitamiseen, palveluiden kertomiseen, markkinointitarkoitukseen sek\u00e4 yrityksen palveluiden ja muiden toimintojen kehitt\u00e4miseen \/ suunnitteluun sek\u00e4 vastaaviin tarkoituksiin.<\/p>\n","protected":false},"author":1,"featured_media":42,"parent":0,"menu_order":0,"comment_status":"closed","ping_status":"closed","template":"","meta":{"footnotes":""},"class_list":["post-284","page","type-page","status-publish","has-post-thumbnail","hentry"],"yoast_head":"<!-- This site is optimized with the Yoast SEO plugin v26.9 - https:\/\/yoast.com\/product\/yoast-seo-wordpress\/ -->\n<title>Tietosuojaseloste - Peswin Service<\/title>\n<meta name=\"robots\" content=\"index, follow, max-snippet:-1, max-image-preview:large, max-video-preview:-1\" \/>\n<link rel=\"canonical\" href=\"https:\/\/peswinservice.com\/sv\/tietosuojaseloste\/\" \/>\n<meta property=\"og:locale\" content=\"sv_SE\" \/>\n<meta property=\"og:type\" content=\"article\" \/>\n<meta property=\"og:title\" content=\"Tietosuojaseloste - Peswin Service\" \/>\n<meta property=\"og:description\" content=\"Peswin Oy asiakasrekistereihin tallennettuja henkil\u00f6tietoa k\u00e4ytet\u00e4\u00e4n asiakassuhteen hoitamiseen, palveluiden kertomiseen, markkinointitarkoitukseen sek\u00e4 yrityksen palveluiden ja muiden toimintojen kehitt\u00e4miseen \/ suunnitteluun sek\u00e4 vastaaviin tarkoituksiin.\" \/>\n<meta property=\"og:url\" content=\"https:\/\/peswinservice.com\/sv\/tietosuojaseloste\/\" \/>\n<meta property=\"og:site_name\" content=\"Peswin Service\" \/>\n<meta property=\"article:publisher\" content=\"https:\/\/www.facebook.com\/peswinoy\" \/>\n<meta property=\"article:modified_time\" content=\"2023-12-27T00:43:33+00:00\" \/>\n<meta property=\"og:image\" content=\"https:\/\/peswinservice.com\/wp-content\/uploads\/2023\/12\/peswin_10-kansi.webp\" \/>\n\t<meta property=\"og:image:width\" content=\"1920\" \/>\n\t<meta property=\"og:image:height\" content=\"1200\" \/>\n\t<meta property=\"og:image:type\" content=\"image\/webp\" \/>\n<meta name=\"twitter:card\" content=\"summary_large_image\" \/>\n<meta name=\"twitter:label1\" content=\"Ber\u00e4knad l\u00e4stid\" \/>\n\t<meta name=\"twitter:data1\" content=\"3 minuter\" \/>\n<script type=\"application\/ld+json\" class=\"yoast-schema-graph\">{\"@context\":\"https:\/\/schema.org\",\"@graph\":[{\"@type\":\"WebPage\",\"@id\":\"https:\/\/peswinservice.com\/sv\/tietosuojaseloste\/\",\"url\":\"https:\/\/peswinservice.com\/sv\/tietosuojaseloste\/\",\"name\":\"Tietosuojaseloste - Peswin Service\",\"isPartOf\":{\"@id\":\"https:\/\/peswinservice.com\/sv\/#website\"},\"primaryImageOfPage\":{\"@id\":\"https:\/\/peswinservice.com\/sv\/tietosuojaseloste\/#primaryimage\"},\"image\":{\"@id\":\"https:\/\/peswinservice.com\/sv\/tietosuojaseloste\/#primaryimage\"},\"thumbnailUrl\":\"https:\/\/peswinservice.com\/wp-content\/uploads\/2023\/12\/peswin_10-kansi.webp\",\"datePublished\":\"2023-12-27T00:27:02+00:00\",\"dateModified\":\"2023-12-27T00:43:33+00:00\",\"breadcrumb\":{\"@id\":\"https:\/\/peswinservice.com\/sv\/tietosuojaseloste\/#breadcrumb\"},\"inLanguage\":\"sv-SE\",\"potentialAction\":[{\"@type\":\"ReadAction\",\"target\":[\"https:\/\/peswinservice.com\/sv\/tietosuojaseloste\/\"]}]},{\"@type\":\"ImageObject\",\"inLanguage\":\"sv-SE\",\"@id\":\"https:\/\/peswinservice.com\/sv\/tietosuojaseloste\/#primaryimage\",\"url\":\"https:\/\/peswinservice.com\/wp-content\/uploads\/2023\/12\/peswin_10-kansi.webp\",\"contentUrl\":\"https:\/\/peswinservice.com\/wp-content\/uploads\/2023\/12\/peswin_10-kansi.webp\",\"width\":1920,\"height\":1200,\"caption\":\"Puramme ja kierr\u00e4t\u00e4mme teollisuuden yksitt\u00e4isi\u00e4 laitteita tai jopa kokonaisia tehtaita.\"},{\"@type\":\"BreadcrumbList\",\"@id\":\"https:\/\/peswinservice.com\/sv\/tietosuojaseloste\/#breadcrumb\",\"itemListElement\":[{\"@type\":\"ListItem\",\"position\":1,\"name\":\"Etusivu\",\"item\":\"https:\/\/peswinservice.com\/sv\/\"},{\"@type\":\"ListItem\",\"position\":2,\"name\":\"Tietosuojaseloste\"}]},{\"@type\":\"WebSite\",\"@id\":\"https:\/\/peswinservice.com\/sv\/#website\",\"url\":\"https:\/\/peswinservice.com\/sv\/\",\"name\":\"Peswin Service\",\"description\":\"Emme ota mit\u00e4\u00e4n kevyesti!\",\"publisher\":{\"@id\":\"https:\/\/peswinservice.com\/sv\/#organization\"},\"potentialAction\":[{\"@type\":\"SearchAction\",\"target\":{\"@type\":\"EntryPoint\",\"urlTemplate\":\"https:\/\/peswinservice.com\/sv\/?s={search_term_string}\"},\"query-input\":{\"@type\":\"PropertyValueSpecification\",\"valueRequired\":true,\"valueName\":\"search_term_string\"}}],\"inLanguage\":\"sv-SE\"},{\"@type\":\"Organization\",\"@id\":\"https:\/\/peswinservice.com\/sv\/#organization\",\"name\":\"Peswin Oy\",\"url\":\"https:\/\/peswinservice.com\/sv\/\",\"logo\":{\"@type\":\"ImageObject\",\"inLanguage\":\"sv-SE\",\"@id\":\"https:\/\/peswinservice.com\/sv\/#\/schema\/logo\/image\/\",\"url\":\"https:\/\/peswinservice.com\/wp-content\/uploads\/2023\/12\/peswinlogovalkservice-02.webp\",\"contentUrl\":\"https:\/\/peswinservice.com\/wp-content\/uploads\/2023\/12\/peswinlogovalkservice-02.webp\",\"width\":594,\"height\":160,\"caption\":\"Peswin Oy\"},\"image\":{\"@id\":\"https:\/\/peswinservice.com\/sv\/#\/schema\/logo\/image\/\"},\"sameAs\":[\"https:\/\/www.facebook.com\/peswinoy\",\"https:\/\/www.instagram.com\/peswinservice\/?hl=fi\"]}]}<\/script>\n<!-- \/ Yoast SEO plugin. -->","yoast_head_json":{"title":"Tietosuojaseloste - Peswin Service","robots":{"index":"index","follow":"follow","max-snippet":"max-snippet:-1","max-image-preview":"max-image-preview:large","max-video-preview":"max-video-preview:-1"},"canonical":"https:\/\/peswinservice.com\/sv\/tietosuojaseloste\/","og_locale":"sv_SE","og_type":"article","og_title":"Tietosuojaseloste - Peswin Service","og_description":"Peswin Oy asiakasrekistereihin tallennettuja henkil\u00f6tietoa k\u00e4ytet\u00e4\u00e4n asiakassuhteen hoitamiseen, palveluiden kertomiseen, markkinointitarkoitukseen sek\u00e4 yrityksen palveluiden ja muiden toimintojen kehitt\u00e4miseen \/ suunnitteluun sek\u00e4 vastaaviin tarkoituksiin.","og_url":"https:\/\/peswinservice.com\/sv\/tietosuojaseloste\/","og_site_name":"Peswin Service","article_publisher":"https:\/\/www.facebook.com\/peswinoy","article_modified_time":"2023-12-27T00:43:33+00:00","og_image":[{"width":1920,"height":1200,"url":"https:\/\/peswinservice.com\/wp-content\/uploads\/2023\/12\/peswin_10-kansi.webp","type":"image\/webp"}],"twitter_card":"summary_large_image","twitter_misc":{"Ber\u00e4knad l\u00e4stid":"3 minuter"},"schema":{"@context":"https:\/\/schema.org","@graph":[{"@type":"WebPage","@id":"https:\/\/peswinservice.com\/sv\/tietosuojaseloste\/","url":"https:\/\/peswinservice.com\/sv\/tietosuojaseloste\/","name":"Tietosuojaseloste - Peswin Service","isPartOf":{"@id":"https:\/\/peswinservice.com\/sv\/#website"},"primaryImageOfPage":{"@id":"https:\/\/peswinservice.com\/sv\/tietosuojaseloste\/#primaryimage"},"image":{"@id":"https:\/\/peswinservice.com\/sv\/tietosuojaseloste\/#primaryimage"},"thumbnailUrl":"https:\/\/peswinservice.com\/wp-content\/uploads\/2023\/12\/peswin_10-kansi.webp","datePublished":"2023-12-27T00:27:02+00:00","dateModified":"2023-12-27T00:43:33+00:00","breadcrumb":{"@id":"https:\/\/peswinservice.com\/sv\/tietosuojaseloste\/#breadcrumb"},"inLanguage":"sv-SE","potentialAction":[{"@type":"ReadAction","target":["https:\/\/peswinservice.com\/sv\/tietosuojaseloste\/"]}]},{"@type":"ImageObject","inLanguage":"sv-SE","@id":"https:\/\/peswinservice.com\/sv\/tietosuojaseloste\/#primaryimage","url":"https:\/\/peswinservice.com\/wp-content\/uploads\/2023\/12\/peswin_10-kansi.webp","contentUrl":"https:\/\/peswinservice.com\/wp-content\/uploads\/2023\/12\/peswin_10-kansi.webp","width":1920,"height":1200,"caption":"Puramme ja kierr\u00e4t\u00e4mme teollisuuden yksitt\u00e4isi\u00e4 laitteita tai jopa kokonaisia tehtaita."},{"@type":"BreadcrumbList","@id":"https:\/\/peswinservice.com\/sv\/tietosuojaseloste\/#breadcrumb","itemListElement":[{"@type":"ListItem","position":1,"name":"Etusivu","item":"https:\/\/peswinservice.com\/sv\/"},{"@type":"ListItem","position":2,"name":"Tietosuojaseloste"}]},{"@type":"WebSite","@id":"https:\/\/peswinservice.com\/sv\/#website","url":"https:\/\/peswinservice.com\/sv\/","name":"Peswin Service","description":"Emme ota mit\u00e4\u00e4n kevyesti!","publisher":{"@id":"https:\/\/peswinservice.com\/sv\/#organization"},"potentialAction":[{"@type":"SearchAction","target":{"@type":"EntryPoint","urlTemplate":"https:\/\/peswinservice.com\/sv\/?s={search_term_string}"},"query-input":{"@type":"PropertyValueSpecification","valueRequired":true,"valueName":"search_term_string"}}],"inLanguage":"sv-SE"},{"@type":"Organization","@id":"https:\/\/peswinservice.com\/sv\/#organization","name":"Peswin Oy","url":"https:\/\/peswinservice.com\/sv\/","logo":{"@type":"ImageObject","inLanguage":"sv-SE","@id":"https:\/\/peswinservice.com\/sv\/#\/schema\/logo\/image\/","url":"https:\/\/peswinservice.com\/wp-content\/uploads\/2023\/12\/peswinlogovalkservice-02.webp","contentUrl":"https:\/\/peswinservice.com\/wp-content\/uploads\/2023\/12\/peswinlogovalkservice-02.webp","width":594,"height":160,"caption":"Peswin Oy"},"image":{"@id":"https:\/\/peswinservice.com\/sv\/#\/schema\/logo\/image\/"},"sameAs":["https:\/\/www.facebook.com\/peswinoy","https:\/\/www.instagram.com\/peswinservice\/?hl=fi"]}]}},"_links":{"self":[{"href":"https:\/\/peswinservice.com\/sv\/wp-json\/wp\/v2\/pages\/284","targetHints":{"allow":["GET"]}}],"collection":[{"href":"https:\/\/peswinservice.com\/sv\/wp-json\/wp\/v2\/pages"}],"about":[{"href":"https:\/\/peswinservice.com\/sv\/wp-json\/wp\/v2\/types\/page"}],"author":[{"embeddable":true,"href":"https:\/\/peswinservice.com\/sv\/wp-json\/wp\/v2\/users\/1"}],"replies":[{"embeddable":true,"href":"https:\/\/peswinservice.com\/sv\/wp-json\/wp\/v2\/comments?post=284"}],"version-history":[{"count":1,"href":"https:\/\/peswinservice.com\/sv\/wp-json\/wp\/v2\/pages\/284\/revisions"}],"predecessor-version":[{"id":285,"href":"https:\/\/peswinservice.com\/sv\/wp-json\/wp\/v2\/pages\/284\/revisions\/285"}],"wp:featuredmedia":[{"embeddable":true,"href":"https:\/\/peswinservice.com\/sv\/wp-json\/wp\/v2\/media\/42"}],"wp:attachment":[{"href":"https:\/\/peswinservice.com\/sv\/wp-json\/wp\/v2\/media?parent=284"}],"curies":[{"name":"wp","href":"https:\/\/api.w.org\/{rel}","templated":true}]}}