{"id":78,"date":"2023-12-26T17:04:49","date_gmt":"2023-12-26T17:04:49","guid":{"rendered":"https:\/\/peswinservice.com\/?page_id=78"},"modified":"2025-04-25T15:01:59","modified_gmt":"2025-04-25T12:01:59","slug":"palvelut","status":"publish","type":"page","link":"https:\/\/peswinservice.com\/sv\/palvelut\/","title":{"rendered":"Palvelut"},"content":{"rendered":"<div class=\"wpb-content-wrapper\"><p>[vc_row row_height_percent=&#8221;0&#8243; override_padding=&#8221;yes&#8221; h_padding=&#8221;2&#8243; top_padding=&#8221;4&#8243; bottom_padding=&#8221;2&#8243; back_color=&#8221;color-851879&#8243; parallax=&#8221;yes&#8221; overlay_color=&#8221;color-168588&#8243; overlay_alpha=&#8221;100&#8243; equal_height=&#8221;yes&#8221; gutter_size=&#8221;3&#8243; column_width_percent=&#8221;100&#8243; shift_y=&#8221;0&#8243; z_index=&#8221;0&#8243; top_divider=&#8221;gradient&#8221; bottom_divider=&#8221;gradient&#8221; content_parallax=&#8221;0&#8243; uncode_shortcode_id=&#8221;159476&#8243; back_color_type=&#8221;uncode-palette&#8221; overlay_color_type=&#8221;uncode-palette&#8221;][vc_column column_width_percent=&#8221;100&#8243; position_vertical=&#8221;bottom&#8221; gutter_size=&#8221;3&#8243; style=&#8221;dark&#8221; overlay_alpha=&#8221;50&#8243; shift_x=&#8221;0&#8243; shift_y=&#8221;0&#8243; shift_y_down=&#8221;0&#8243; z_index=&#8221;0&#8243; medium_width=&#8221;0&#8243; mobile_width=&#8221;0&#8243; width=&#8221;1\/1&#8243;][vc_row_inner row_inner_height_percent=&#8221;0&#8243; overlay_alpha=&#8221;50&#8243; gutter_size=&#8221;3&#8243; shift_y=&#8221;0&#8243;][vc_column_inner column_width_percent=&#8221;100&#8243; gutter_size=&#8221;2&#8243; style=&#8221;dark&#8221; overlay_alpha=&#8221;50&#8243; shift_x=&#8221;0&#8243; shift_y=&#8221;0&#8243; shift_y_down=&#8221;0&#8243; z_index=&#8221;0&#8243; medium_width=&#8221;0&#8243; mobile_width=&#8221;0&#8243; css_animation=&#8221;alpha-anim&#8221; animation_delay=&#8221;200&#8243; width=&#8221;9\/12&#8243; uncode_shortcode_id=&#8221;423715&#8243;][uncode_breadcrumbs][vc_custom_heading text_size=&#8221;h1&#8243; css_animation=&#8221;right-t-left&#8221; animation_delay=&#8221;400&#8243; uncode_shortcode_id=&#8221;178315&#8243;]Tunnemme suomalaisen teollisuuden ja sen k\u00e4yt\u00e4nn\u00f6t monesta eri kulmasta katsottuna.[\/vc_custom_heading][\/vc_column_inner][vc_column_inner width=&#8221;3\/12&#8243;][\/vc_column_inner][\/vc_row_inner][\/vc_column][\/vc_row][vc_row row_height_percent=&#8221;0&#8243; override_padding=&#8221;yes&#8221; h_padding=&#8221;2&#8243; top_padding=&#8221;2&#8243; bottom_padding=&#8221;2&#8243; back_color=&#8221;color-936510&#8243; overlay_alpha=&#8221;50&#8243; gutter_size=&#8221;4&#8243; column_width_percent=&#8221;100&#8243; shift_y=&#8221;0&#8243; z_index=&#8221;0&#8243; row_custom_slug_check=&#8221;yes&#8221; content_parallax=&#8221;0&#8243; el_class=&#8221;inverted-device-order&#8221; uncode_shortcode_id=&#8221;162038&#8243; back_color_type=&#8221;uncode-palette&#8221; row_name=&#8221;Mekaaninen kunnossapito&#8221; row_custom_slug=&#8221;mekaaninen-kunnossapito&#8221;][vc_column column_width_percent=&#8221;100&#8243; position_horizontal=&#8221;left&#8221; gutter_size=&#8221;3&#8243; style=&#8221;dark&#8221; overlay_alpha=&#8221;50&#8243; shift_x=&#8221;0&#8243; shift_y=&#8221;0&#8243; shift_y_down=&#8221;0&#8243; z_index=&#8221;0&#8243; medium_width=&#8221;4&#8243; mobile_width=&#8221;0&#8243; width=&#8221;1\/2&#8243; uncode_shortcode_id=&#8221;195172&#8243;][vc_single_image media=&#8221;44&#8243; media_width_percent=&#8221;100&#8243; uncode_shortcode_id=&#8221;210336&#8243;][vc_column_text uncode_shortcode_id=&#8221;535148&#8243;]<\/p>\n<h3>Vain toimiva tehdas on h\u00e4iri\u00f6t\u00f6n ja tekee tulosta!<\/h3>\n<p>Tarjoamme kumppaneillemme r\u00e4\u00e4t\u00e4l\u00f6ityj\u00e4 ratkaisuja heid\u00e4n kunnossapito tarpeisiin. Palvelumme voi koostua pienest\u00e4 kokonaisuudesta, kokonaiseen huoltoseisakkiin. Arvioimme jokaisen asiakkaan tilanteen erikseen ja tarvittaessa ehdotamme parannuksia. Meilt\u00e4 saat nimitt\u00e4in my\u00f6s aina tarvittaessa r\u00e4\u00e4t\u00e4l\u00f6ityj\u00e4 ratkaisuja, joihin k\u00e4yt\u00e4mme omaa suunnittelijaa ja vankkaa sek\u00e4 monipuolista kokemusta.<\/p>\n<p>Meid\u00e4n parhaita puolia on palveluidemme vaivattomuus ja kattavuus, ty\u00f6n j\u00e4lkemme korkea laatu sek\u00e4 vastuullisuus. Tuotamme my\u00f6s jokaisesta tehdyst\u00e4 ty\u00f6st\u00e4 huoltoraportin, jonka avulla laitteiston huoltojen seuraaminen helpottuu. Raportista saadaan ehdotuksia seuraaviin mahdollisiin toimenpiteisiin.<\/p>\n<p>S\u00e4\u00e4nn\u00f6llisen kunnossapidon hy\u00f6tyj\u00e4 sinulle, asiakas, on k\u00e4ytt\u00f6asteen nousu, korjauskustannusten laskeminen ja kannattavuuden paraneminen. Eik\u00f6 kuulosta aika hyv\u00e4lt\u00e4!<\/p>\n<p>Meilt\u00e4 l\u00f6ytyy erikoislaite osaamista. Kysy siis rohkeasti tarjousta my\u00f6s vaikeampien laitteiden kunnossapitoon.[\/vc_column_text][\/vc_column][vc_column column_width_percent=&#8221;100&#8243; gutter_size=&#8221;3&#8243; style=&#8221;dark&#8221; overlay_alpha=&#8221;50&#8243; shift_x=&#8221;0&#8243; shift_y=&#8221;0&#8243; shift_y_down=&#8221;0&#8243; z_index=&#8221;0&#8243; medium_width=&#8221;4&#8243; mobile_width=&#8221;0&#8243; width=&#8221;1\/2&#8243; el_class=&#8221;inverted-device-order&#8221; uncode_shortcode_id=&#8221;155224&#8243;][vc_row_inner][vc_column_inner column_width_percent=&#8221;100&#8243; gutter_size=&#8221;2&#8243; back_color=&#8221;color-851879&#8243; overlay_alpha=&#8221;50&#8243; shift_x=&#8221;0&#8243; shift_y=&#8221;0&#8243; shift_y_down=&#8221;0&#8243; z_index=&#8221;0&#8243; medium_width=&#8221;0&#8243; mobile_width=&#8221;0&#8243; width=&#8221;1\/1&#8243; uncode_shortcode_id=&#8221;149458&#8243; back_color_type=&#8221;uncode-palette&#8221;][vc_custom_heading heading_semantic=&#8221;h3&#8243; sub_lead=&#8221;yes&#8221; uncode_shortcode_id=&#8221;165268&#8243; subheading=&#8221;Toteutamme teollisuuden huoltotarpeet yksitt\u00e4isest\u00e4 laakeroinnista kokonaisiin huoltoseisakkeihin.&#8221;]Mekaaninen kunnossapito[\/vc_custom_heading][uncode_list icon=&#8221;fa fa-check&#8221; icon_color=&#8221;color-xsdn&#8221; uncode_shortcode_id=&#8221;635759&#8243; icon_color_type=&#8221;uncode-palette&#8221;]<\/p>\n<ul>\n<li>Vuosihuollot<\/li>\n<li>K\u00e4ynninaikainen huolto<\/li>\n<li>Investointi projektit<\/li>\n<li><i class=\"fa fa-check text-color-xsdn-color\"><\/i>Raportointi<\/li>\n<li>P\u00e4ivystys<\/li>\n<\/ul>\n<p>[\/uncode_list][vc_empty_space empty_h=&#8221;4&#8243;][vc_single_image media=&#8221;41&#8243; media_width_percent=&#8221;100&#8243; uncode_shortcode_id=&#8221;205974&#8243;][\/vc_column_inner][\/vc_row_inner][\/vc_column][\/vc_row][vc_row row_height_percent=&#8221;0&#8243; back_color=&#8221;color-936510&#8243; overlay_alpha=&#8221;50&#8243; gutter_size=&#8221;3&#8243; column_width_percent=&#8221;100&#8243; shift_y=&#8221;0&#8243; z_index=&#8221;0&#8243; content_parallax=&#8221;0&#8243; uncode_shortcode_id=&#8221;134473&#8243; back_color_type=&#8221;uncode-palette&#8221;][vc_column width=&#8221;1\/1&#8243;][vc_column_text uncode_shortcode_id=&#8221;718937&#8243;]<\/p>\n<h3><strong>Puukentt\u00e4 = Kotikentt\u00e4, eilen t\u00e4n\u00e4\u00e4n ja huomenna. <\/strong><\/h3>\n<p>Vaikka toimimme laajasti eri teollisuuden osa-alueilla, olemme erikoistuneet puuteollisuuteen ja olemmekin merkitt\u00e4v\u00e4 palveluntuottaja mets\u00e4teollisuuden materiaalivirtojen laitteiden kunnossapidossa. Puhumme puukent\u00e4st\u00e4 kotikentt\u00e4n\u00e4mme, sill\u00e4 se on se, miss\u00e4 olemme luoneet omat toimintatapamme vuosien saatossa. Hy\u00f6dynn\u00e4mme t\u00e4t\u00e4 osaamista my\u00f6s muilla teollisuuden aloilla mutta, erityisosaamisemme on puuteollisuudessa. Eilen, t\u00e4n\u00e4\u00e4n ja huomenna.[\/vc_column_text][\/vc_column][\/vc_row][vc_row row_height_percent=&#8221;0&#8243; override_padding=&#8221;yes&#8221; h_padding=&#8221;2&#8243; top_padding=&#8221;2&#8243; bottom_padding=&#8221;2&#8243; back_color=&#8221;color-851879&#8243; overlay_alpha=&#8221;50&#8243; gutter_size=&#8221;4&#8243; column_width_percent=&#8221;100&#8243; shift_y=&#8221;0&#8243; z_index=&#8221;0&#8243; row_custom_slug_check=&#8221;yes&#8221; content_parallax=&#8221;0&#8243; uncode_shortcode_id=&#8221;136672&#8243; back_color_type=&#8221;uncode-palette&#8221; row_name=&#8221;Asiantuntijapalvelut&#8221; row_custom_slug=&#8221;asiantuntijapalvelut&#8221;][vc_column column_width_percent=&#8221;100&#8243; gutter_size=&#8221;3&#8243; style=&#8221;dark&#8221; overlay_alpha=&#8221;50&#8243; shift_x=&#8221;0&#8243; shift_y=&#8221;0&#8243; shift_y_down=&#8221;0&#8243; z_index=&#8221;0&#8243; medium_width=&#8221;4&#8243; mobile_width=&#8221;0&#8243; width=&#8221;1\/2&#8243; el_class=&#8221;inverted-device-order&#8221; uncode_shortcode_id=&#8221;155224&#8243;][vc_row_inner][vc_column_inner column_width_percent=&#8221;100&#8243; gutter_size=&#8221;2&#8243; back_color=&#8221;color-936510&#8243; overlay_alpha=&#8221;50&#8243; shift_x=&#8221;0&#8243; shift_y=&#8221;0&#8243; shift_y_down=&#8221;0&#8243; z_index=&#8221;0&#8243; medium_width=&#8221;0&#8243; mobile_width=&#8221;0&#8243; width=&#8221;1\/1&#8243; uncode_shortcode_id=&#8221;146873&#8243; back_color_type=&#8221;uncode-palette&#8221;][vc_custom_heading heading_semantic=&#8221;h3&#8243; sub_lead=&#8221;yes&#8221; uncode_shortcode_id=&#8221;783035&#8243; subheading=&#8221;Tarjoamme teollisuuden asiantuntijapalveluita laitetarkistuksista muihin konsultaatioihin&#8221;]Asiantuntijapalvelut[\/vc_custom_heading][uncode_list icon=&#8221;fa fa-check&#8221; icon_color=&#8221;color-xsdn&#8221; uncode_shortcode_id=&#8221;184129&#8243; icon_color_type=&#8221;uncode-palette&#8221;]<\/p>\n<ul>\n<li>Vuosihuoltotarkastukset<\/li>\n<li>Jatkuvat tarkastukset<\/li>\n<li>Raportointi<\/li>\n<li>Mekaniikkasuunnittelu<\/li>\n<li>Teollisuuden asiantuntija<\/li>\n<\/ul>\n<p>[\/uncode_list][vc_empty_space empty_h=&#8221;4&#8243;][vc_single_image media=&#8221;36&#8243; media_width_percent=&#8221;100&#8243; uncode_shortcode_id=&#8221;128670&#8243;][\/vc_column_inner][\/vc_row_inner][\/vc_column][vc_column column_width_percent=&#8221;100&#8243; position_horizontal=&#8221;left&#8221; gutter_size=&#8221;3&#8243; style=&#8221;dark&#8221; overlay_alpha=&#8221;50&#8243; shift_x=&#8221;0&#8243; shift_y=&#8221;0&#8243; shift_y_down=&#8221;0&#8243; z_index=&#8221;0&#8243; medium_width=&#8221;4&#8243; mobile_width=&#8221;0&#8243; width=&#8221;1\/2&#8243; uncode_shortcode_id=&#8221;195172&#8243;][vc_single_image media=&#8221;480&#8243; media_width_percent=&#8221;100&#8243; uncode_shortcode_id=&#8221;356504&#8243;][vc_column_text uncode_shortcode_id=&#8221;126299&#8243;]<\/p>\n<h3>Tarkastuspalvelut<\/h3>\n<p>Olemme havainneet teollisuusalan olevan murroksessa ja mielest\u00e4mme viimeist\u00e4\u00e4n nyt on l\u00f6ydett\u00e4v\u00e4 vastuullinen tapa toimia. Me pystymme omalla osaamisellamme ja tarkastuspalvelu- mallillamme parantamaan kannattavuutta ja vastuullisuutta.<\/p>\n<p>Olemme toimintamme alusta kehitt\u00e4nyt omaa toimintaamme asiakasl\u00e4ht\u00f6iseksi. Olemmekin rakentaneet laitetarkastus liiketoimintamme vastaamaan asiakkaan tarpeita. Palvelun ytimess\u00e4 on suora ja rehellinen tieto laitteiston kunnosta. Ulkoistamalla tarkastustoiminnan k\u00e4ytt\u00f6henkil\u00f6kunta voi keskitty\u00e4 laitoksen k\u00e4ytt\u00f6\u00f6n ja optimointiin.<\/p>\n<p>Tarkastuksia on kahdenlaisia: vuosihuolto tarkastuksia ja jatkuvia tarkastuksia. Vuosihuollossa suoritetaan kattava tarkastus koko laitteiston mekaaniselle laitekannalle. T\u00e4m\u00e4n tarkoitus on tukea laitteiden elinkaarta. T\u00e4llaisella suunnitelmallisella kunnossapidolla mahdollistetaan h\u00e4iri\u00f6t\u00f6n tuotanto.<\/p>\n<p>[\/vc_column_text][\/vc_column][\/vc_row][vc_row row_height_percent=&#8221;0&#8243; back_color=&#8221;color-851879&#8243; overlay_alpha=&#8221;50&#8243; gutter_size=&#8221;3&#8243; column_width_percent=&#8221;100&#8243; shift_y=&#8221;0&#8243; z_index=&#8221;0&#8243; content_parallax=&#8221;0&#8243; uncode_shortcode_id=&#8221;397723&#8243; back_color_type=&#8221;uncode-palette&#8221;][vc_column width=&#8221;1\/1&#8243;][vc_column_text uncode_shortcode_id=&#8221;946146&#8243;]Jatkuvat tarkastukset kohdennetaan huoltoseisakkien v\u00e4liss\u00e4 kriittisimpiin laitteisiin. Tarkastukset tehd\u00e4\u00e4n huoltop\u00e4iviss\u00e4 tilaajan ja toimittajan sopimana ajankohtana. Tarkastettavien kohteiden m\u00e4\u00e4r\u00e4 sovitaan erikseen ennen tarkastusk\u00e4ynti\u00e4. Jatkuvien tarkastusten tarkoituksena on tukea vuosihuollon ty\u00f6suunnittelua.<\/p>\n<p>Tarkastuksien yhteydess\u00e4 tehd\u00e4\u00e4n kirjallinen raportti tarkastuksen havainnoista, suoritetuista korjauksista ja suosituksista seuraavaa huoltov\u00e4li\u00e4 varten. T\u00e4m\u00e4 toimitetaan asiakkaalle 14 vrk kuluessa, jotta ty\u00f6n suunnittelu ja laitteiston kunnon seuraaminen helpottuu.<\/p>\n<p>Olemme tehneet my\u00f6s monenlaista asiantuntijuus konsultaatiota, eli \u00e4l\u00e4 ep\u00e4r\u00f6i pyyt\u00e4\u00e4 tarjousta, jos tarvitset teollisuuden asiantuntijaa.[\/vc_column_text][\/vc_column][\/vc_row][vc_row row_height_percent=&#8221;0&#8243; override_padding=&#8221;yes&#8221; h_padding=&#8221;2&#8243; top_padding=&#8221;2&#8243; bottom_padding=&#8221;2&#8243; back_color=&#8221;color-936510&#8243; overlay_alpha=&#8221;50&#8243; gutter_size=&#8221;4&#8243; column_width_percent=&#8221;100&#8243; shift_y=&#8221;0&#8243; z_index=&#8221;0&#8243; row_custom_slug_check=&#8221;yes&#8221; content_parallax=&#8221;0&#8243; el_class=&#8221;inverted-device-order&#8221; uncode_shortcode_id=&#8221;170111&#8243; back_color_type=&#8221;uncode-palette&#8221; row_name=&#8221;Kierr\u00e4tys&#8221; row_custom_slug=&#8221;kierratys&#8221;][vc_column column_width_percent=&#8221;100&#8243; position_horizontal=&#8221;left&#8221; gutter_size=&#8221;3&#8243; style=&#8221;dark&#8221; overlay_alpha=&#8221;50&#8243; shift_x=&#8221;0&#8243; shift_y=&#8221;0&#8243; shift_y_down=&#8221;0&#8243; z_index=&#8221;0&#8243; medium_width=&#8221;4&#8243; mobile_width=&#8221;0&#8243; width=&#8221;1\/2&#8243; uncode_shortcode_id=&#8221;195172&#8243;][vc_single_image media=&#8221;42&#8243; media_width_percent=&#8221;100&#8243; uncode_shortcode_id=&#8221;921147&#8243;][vc_column_text uncode_shortcode_id=&#8221;453042&#8243;]<\/p>\n<h3>Materiaalin uudelleenk\u00e4ytt\u00f6<\/h3>\n<p>Kokemuksemme mukaan kierr\u00e4tys, ja varsinkin ter\u00e4sten sek\u00e4 muiden metallien kierr\u00e4tys on kasvava tulevaisuuden ala. Laitteet, joilla kierr\u00e4tysliiketoimintaa tehd\u00e4\u00e4n kehittyv\u00e4t ja monipuolistuvat kierr\u00e4tystarpeen kasvaessa. Tuomme alalle pohjoiseurooppalaista tapaa tehd\u00e4 ja kehitt\u00e4\u00e4 laitteistoja paremmaksi.<\/p>\n<p>Panostamme vahvasti kierr\u00e4tysalan kunnossapitopalveluiden suunnitteluun ja tuotantoon. Innovatiiviset kunnossapidon palvelut tarjoavat kierr\u00e4tysalan yrityksille mahdollisuuden kehitt\u00e4\u00e4 omaa liiketoimintaansa ja vahvistaa erottautumistaan oman alansa edell\u00e4k\u00e4vij\u00e4yrityksin\u00e4.<\/p>\n<p>Puramme ja kierr\u00e4t\u00e4mme teollisuuden laitteet ja isommat kokonaisuudet. Kierr\u00e4tyksess\u00e4 olemme erikoistuneet metalliin. Tarjoamme purkut\u00f6it\u00e4 \u201davaimet k\u00e4teen\u201d periaatteella.<\/p>\n<p>Meilt\u00e4 onnistuu laitteiden siirrot tehtaasta toiseen, t\u00e4ll\u00f6in pystyt\u00e4\u00e4n hy\u00f6dynt\u00e4m\u00e4\u00e4n t\u00e4ysin toimivia laitteistoja siell\u00e4 miss\u00e4 on tarvetta. N\u00e4in laitteiston k\u00e4ytt\u00f6ik\u00e4 pitenee.<\/p>\n<p>Tarjoamme kierr\u00e4tetyst\u00e4 metallista hyvityksen. Eli siis mik\u00e4 sen parempaa, puramme, viemme materiaalit pois ja asiakas saa pois viedyst\u00e4 raaka-aineesta hyvityksen. Kierr\u00e4tys ja vastuullisuus on meille hyvin t\u00e4rke\u00e4\u00e4 ja teemmekin yhteisty\u00f6t\u00e4 kierr\u00e4tysalan ammattilaisten kanssa s\u00e4\u00e4st\u00e4\u00e4ksemme maapallomme luonnonvaroja.<\/p>\n<p>[\/vc_column_text][\/vc_column][vc_column column_width_percent=&#8221;100&#8243; gutter_size=&#8221;3&#8243; style=&#8221;dark&#8221; overlay_alpha=&#8221;50&#8243; shift_x=&#8221;0&#8243; shift_y=&#8221;0&#8243; shift_y_down=&#8221;0&#8243; z_index=&#8221;0&#8243; medium_width=&#8221;4&#8243; mobile_width=&#8221;0&#8243; width=&#8221;1\/2&#8243; el_class=&#8221;inverted-device-order&#8221; uncode_shortcode_id=&#8221;155224&#8243;][vc_row_inner][vc_column_inner column_width_percent=&#8221;100&#8243; gutter_size=&#8221;2&#8243; back_color=&#8221;color-851879&#8243; overlay_alpha=&#8221;50&#8243; shift_x=&#8221;0&#8243; shift_y=&#8221;0&#8243; shift_y_down=&#8221;0&#8243; z_index=&#8221;0&#8243; medium_width=&#8221;0&#8243; mobile_width=&#8221;0&#8243; width=&#8221;1\/1&#8243; uncode_shortcode_id=&#8221;184531&#8243; back_color_type=&#8221;uncode-palette&#8221;][vc_custom_heading heading_semantic=&#8221;h3&#8243; sub_lead=&#8221;yes&#8221; uncode_shortcode_id=&#8221;795845&#8243; subheading=&#8221;Puramme ja kierr\u00e4t\u00e4mme teollisuuden laitteet&#8221;]Kierr\u00e4tys[\/vc_custom_heading][uncode_list icon=&#8221;fa fa-check&#8221; icon_color=&#8221;color-xsdn&#8221; uncode_shortcode_id=&#8221;206889&#8243; icon_color_type=&#8221;uncode-palette&#8221;]<\/p>\n<ul>\n<li>Metallin kierr\u00e4tys<\/li>\n<li>Yksitt\u00e4iset laitteet<\/li>\n<li>Suuremmat kokonaisuudet<\/li>\n<li>Hyvitys kierr\u00e4tett\u00e4v\u00e4st\u00e4 materiaalista<\/li>\n<li><i class=\"fa fa-check text-color-xsdn-color\"><\/i>Purkuty\u00f6t my\u00f6s &#8221;avaimet k\u00e4teen&#8221; -periaatteella<\/li>\n<\/ul>\n<p>[\/uncode_list][vc_empty_space empty_h=&#8221;4&#8243;][vc_single_image media=&#8221;524&#8243; media_width_percent=&#8221;100&#8243; uncode_shortcode_id=&#8221;660753&#8243;][\/vc_column_inner][\/vc_row_inner][\/vc_column][\/vc_row][vc_row][vc_column width=&#8221;1\/1&#8243;][uncode_block id=&#8221;376&#8243;][\/vc_column][\/vc_row]<\/p>\n<\/div>","protected":false},"excerpt":{"rendered":"<p>Tunnemme suomalaisen teollisuuden ja sen k\u00e4yt\u00e4nn\u00f6t monesta eri kulmasta katsottuna.<\/p>\n","protected":false},"author":1,"featured_media":403,"parent":0,"menu_order":0,"comment_status":"closed","ping_status":"closed","template":"","meta":{"footnotes":""},"class_list":["post-78","page","type-page","status-publish","has-post-thumbnail","hentry"],"yoast_head":"<!-- This site is optimized with the Yoast SEO plugin v26.9 - https:\/\/yoast.com\/product\/yoast-seo-wordpress\/ -->\n<title>Palvelut - Peswin Service<\/title>\n<meta name=\"robots\" content=\"index, follow, max-snippet:-1, max-image-preview:large, max-video-preview:-1\" \/>\n<link rel=\"canonical\" href=\"https:\/\/peswinservice.com\/sv\/palvelut\/\" \/>\n<meta property=\"og:locale\" content=\"sv_SE\" \/>\n<meta property=\"og:type\" content=\"article\" \/>\n<meta property=\"og:title\" content=\"Palvelut - Peswin Service\" \/>\n<meta property=\"og:description\" content=\"Tunnemme suomalaisen teollisuuden ja sen k\u00e4yt\u00e4nn\u00f6t monesta eri kulmasta katsottuna.\" \/>\n<meta property=\"og:url\" content=\"https:\/\/peswinservice.com\/sv\/palvelut\/\" \/>\n<meta property=\"og:site_name\" content=\"Peswin Service\" \/>\n<meta property=\"article:publisher\" content=\"https:\/\/www.facebook.com\/peswinoy\" \/>\n<meta property=\"article:modified_time\" content=\"2025-04-25T12:01:59+00:00\" \/>\n<meta property=\"og:image\" content=\"https:\/\/peswinservice.com\/wp-content\/uploads\/2023\/12\/peswinservice.webp\" \/>\n\t<meta property=\"og:image:width\" content=\"1920\" \/>\n\t<meta property=\"og:image:height\" content=\"1440\" \/>\n\t<meta property=\"og:image:type\" content=\"image\/webp\" \/>\n<meta name=\"twitter:card\" content=\"summary_large_image\" \/>\n<meta name=\"twitter:label1\" content=\"Ber\u00e4knad l\u00e4stid\" \/>\n\t<meta name=\"twitter:data1\" content=\"6 minuter\" \/>\n<script type=\"application\/ld+json\" class=\"yoast-schema-graph\">{\"@context\":\"https:\/\/schema.org\",\"@graph\":[{\"@type\":\"WebPage\",\"@id\":\"https:\/\/peswinservice.com\/sv\/palvelut\/\",\"url\":\"https:\/\/peswinservice.com\/sv\/palvelut\/\",\"name\":\"Palvelut - Peswin Service\",\"isPartOf\":{\"@id\":\"https:\/\/peswinservice.com\/sv\/#website\"},\"primaryImageOfPage\":{\"@id\":\"https:\/\/peswinservice.com\/sv\/palvelut\/#primaryimage\"},\"image\":{\"@id\":\"https:\/\/peswinservice.com\/sv\/palvelut\/#primaryimage\"},\"thumbnailUrl\":\"https:\/\/peswinservice.com\/wp-content\/uploads\/2023\/12\/peswinservice.webp\",\"datePublished\":\"2023-12-26T17:04:49+00:00\",\"dateModified\":\"2025-04-25T12:01:59+00:00\",\"breadcrumb\":{\"@id\":\"https:\/\/peswinservice.com\/sv\/palvelut\/#breadcrumb\"},\"inLanguage\":\"sv-SE\",\"potentialAction\":[{\"@type\":\"ReadAction\",\"target\":[\"https:\/\/peswinservice.com\/sv\/palvelut\/\"]}]},{\"@type\":\"ImageObject\",\"inLanguage\":\"sv-SE\",\"@id\":\"https:\/\/peswinservice.com\/sv\/palvelut\/#primaryimage\",\"url\":\"https:\/\/peswinservice.com\/wp-content\/uploads\/2023\/12\/peswinservice.webp\",\"contentUrl\":\"https:\/\/peswinservice.com\/wp-content\/uploads\/2023\/12\/peswinservice.webp\",\"width\":1920,\"height\":1440},{\"@type\":\"BreadcrumbList\",\"@id\":\"https:\/\/peswinservice.com\/sv\/palvelut\/#breadcrumb\",\"itemListElement\":[{\"@type\":\"ListItem\",\"position\":1,\"name\":\"Etusivu\",\"item\":\"https:\/\/peswinservice.com\/sv\/\"},{\"@type\":\"ListItem\",\"position\":2,\"name\":\"Palvelut\"}]},{\"@type\":\"WebSite\",\"@id\":\"https:\/\/peswinservice.com\/sv\/#website\",\"url\":\"https:\/\/peswinservice.com\/sv\/\",\"name\":\"Peswin Service\",\"description\":\"Emme ota mit\u00e4\u00e4n kevyesti!\",\"publisher\":{\"@id\":\"https:\/\/peswinservice.com\/sv\/#organization\"},\"potentialAction\":[{\"@type\":\"SearchAction\",\"target\":{\"@type\":\"EntryPoint\",\"urlTemplate\":\"https:\/\/peswinservice.com\/sv\/?s={search_term_string}\"},\"query-input\":{\"@type\":\"PropertyValueSpecification\",\"valueRequired\":true,\"valueName\":\"search_term_string\"}}],\"inLanguage\":\"sv-SE\"},{\"@type\":\"Organization\",\"@id\":\"https:\/\/peswinservice.com\/sv\/#organization\",\"name\":\"Peswin Oy\",\"url\":\"https:\/\/peswinservice.com\/sv\/\",\"logo\":{\"@type\":\"ImageObject\",\"inLanguage\":\"sv-SE\",\"@id\":\"https:\/\/peswinservice.com\/sv\/#\/schema\/logo\/image\/\",\"url\":\"https:\/\/peswinservice.com\/wp-content\/uploads\/2023\/12\/peswinlogovalkservice-02.webp\",\"contentUrl\":\"https:\/\/peswinservice.com\/wp-content\/uploads\/2023\/12\/peswinlogovalkservice-02.webp\",\"width\":594,\"height\":160,\"caption\":\"Peswin Oy\"},\"image\":{\"@id\":\"https:\/\/peswinservice.com\/sv\/#\/schema\/logo\/image\/\"},\"sameAs\":[\"https:\/\/www.facebook.com\/peswinoy\",\"https:\/\/www.instagram.com\/peswinservice\/?hl=fi\"]}]}<\/script>\n<!-- \/ Yoast SEO plugin. -->","yoast_head_json":{"title":"Palvelut - Peswin Service","robots":{"index":"index","follow":"follow","max-snippet":"max-snippet:-1","max-image-preview":"max-image-preview:large","max-video-preview":"max-video-preview:-1"},"canonical":"https:\/\/peswinservice.com\/sv\/palvelut\/","og_locale":"sv_SE","og_type":"article","og_title":"Palvelut - Peswin Service","og_description":"Tunnemme suomalaisen teollisuuden ja sen k\u00e4yt\u00e4nn\u00f6t monesta eri kulmasta katsottuna.","og_url":"https:\/\/peswinservice.com\/sv\/palvelut\/","og_site_name":"Peswin Service","article_publisher":"https:\/\/www.facebook.com\/peswinoy","article_modified_time":"2025-04-25T12:01:59+00:00","og_image":[{"width":1920,"height":1440,"url":"https:\/\/peswinservice.com\/wp-content\/uploads\/2023\/12\/peswinservice.webp","type":"image\/webp"}],"twitter_card":"summary_large_image","twitter_misc":{"Ber\u00e4knad l\u00e4stid":"6 minuter"},"schema":{"@context":"https:\/\/schema.org","@graph":[{"@type":"WebPage","@id":"https:\/\/peswinservice.com\/sv\/palvelut\/","url":"https:\/\/peswinservice.com\/sv\/palvelut\/","name":"Palvelut - Peswin Service","isPartOf":{"@id":"https:\/\/peswinservice.com\/sv\/#website"},"primaryImageOfPage":{"@id":"https:\/\/peswinservice.com\/sv\/palvelut\/#primaryimage"},"image":{"@id":"https:\/\/peswinservice.com\/sv\/palvelut\/#primaryimage"},"thumbnailUrl":"https:\/\/peswinservice.com\/wp-content\/uploads\/2023\/12\/peswinservice.webp","datePublished":"2023-12-26T17:04:49+00:00","dateModified":"2025-04-25T12:01:59+00:00","breadcrumb":{"@id":"https:\/\/peswinservice.com\/sv\/palvelut\/#breadcrumb"},"inLanguage":"sv-SE","potentialAction":[{"@type":"ReadAction","target":["https:\/\/peswinservice.com\/sv\/palvelut\/"]}]},{"@type":"ImageObject","inLanguage":"sv-SE","@id":"https:\/\/peswinservice.com\/sv\/palvelut\/#primaryimage","url":"https:\/\/peswinservice.com\/wp-content\/uploads\/2023\/12\/peswinservice.webp","contentUrl":"https:\/\/peswinservice.com\/wp-content\/uploads\/2023\/12\/peswinservice.webp","width":1920,"height":1440},{"@type":"BreadcrumbList","@id":"https:\/\/peswinservice.com\/sv\/palvelut\/#breadcrumb","itemListElement":[{"@type":"ListItem","position":1,"name":"Etusivu","item":"https:\/\/peswinservice.com\/sv\/"},{"@type":"ListItem","position":2,"name":"Palvelut"}]},{"@type":"WebSite","@id":"https:\/\/peswinservice.com\/sv\/#website","url":"https:\/\/peswinservice.com\/sv\/","name":"Peswin Service","description":"Emme ota mit\u00e4\u00e4n kevyesti!","publisher":{"@id":"https:\/\/peswinservice.com\/sv\/#organization"},"potentialAction":[{"@type":"SearchAction","target":{"@type":"EntryPoint","urlTemplate":"https:\/\/peswinservice.com\/sv\/?s={search_term_string}"},"query-input":{"@type":"PropertyValueSpecification","valueRequired":true,"valueName":"search_term_string"}}],"inLanguage":"sv-SE"},{"@type":"Organization","@id":"https:\/\/peswinservice.com\/sv\/#organization","name":"Peswin Oy","url":"https:\/\/peswinservice.com\/sv\/","logo":{"@type":"ImageObject","inLanguage":"sv-SE","@id":"https:\/\/peswinservice.com\/sv\/#\/schema\/logo\/image\/","url":"https:\/\/peswinservice.com\/wp-content\/uploads\/2023\/12\/peswinlogovalkservice-02.webp","contentUrl":"https:\/\/peswinservice.com\/wp-content\/uploads\/2023\/12\/peswinlogovalkservice-02.webp","width":594,"height":160,"caption":"Peswin Oy"},"image":{"@id":"https:\/\/peswinservice.com\/sv\/#\/schema\/logo\/image\/"},"sameAs":["https:\/\/www.facebook.com\/peswinoy","https:\/\/www.instagram.com\/peswinservice\/?hl=fi"]}]}},"_links":{"self":[{"href":"https:\/\/peswinservice.com\/sv\/wp-json\/wp\/v2\/pages\/78","targetHints":{"allow":["GET"]}}],"collection":[{"href":"https:\/\/peswinservice.com\/sv\/wp-json\/wp\/v2\/pages"}],"about":[{"href":"https:\/\/peswinservice.com\/sv\/wp-json\/wp\/v2\/types\/page"}],"author":[{"embeddable":true,"href":"https:\/\/peswinservice.com\/sv\/wp-json\/wp\/v2\/users\/1"}],"replies":[{"embeddable":true,"href":"https:\/\/peswinservice.com\/sv\/wp-json\/wp\/v2\/comments?post=78"}],"version-history":[{"count":27,"href":"https:\/\/peswinservice.com\/sv\/wp-json\/wp\/v2\/pages\/78\/revisions"}],"predecessor-version":[{"id":547,"href":"https:\/\/peswinservice.com\/sv\/wp-json\/wp\/v2\/pages\/78\/revisions\/547"}],"wp:featuredmedia":[{"embeddable":true,"href":"https:\/\/peswinservice.com\/sv\/wp-json\/wp\/v2\/media\/403"}],"wp:attachment":[{"href":"https:\/\/peswinservice.com\/sv\/wp-json\/wp\/v2\/media?parent=78"}],"curies":[{"name":"wp","href":"https:\/\/api.w.org\/{rel}","templated":true}]}}